
{"id":9092,"date":"2023-09-03T21:01:28","date_gmt":"2023-09-03T19:01:28","guid":{"rendered":"https:\/\/pou-cakovec.hr\/?page_id=9092"},"modified":"2025-02-14T08:54:00","modified_gmt":"2025-02-14T06:54:00","slug":"partners-and-associates","status":"publish","type":"page","link":"https:\/\/pou-cakovec.hr\/en\/about-us\/partners-and-associates\/","title":{"rendered":"Partners and Associates"},"content":{"rendered":"[vc_row type=&#8221;in_container&#8221; full_screen_row_position=&#8221;middle&#8221; column_margin=&#8221;default&#8221; column_direction=&#8221;default&#8221; column_direction_tablet=&#8221;default&#8221; column_direction_phone=&#8221;default&#8221; scene_position=&#8221;center&#8221; bottom_margin=&#8221;5%&#8221; text_color=&#8221;dark&#8221; text_align=&#8221;left&#8221; row_border_radius=&#8221;none&#8221; row_border_radius_applies=&#8221;bg&#8221; overflow=&#8221;visible&#8221; overlay_strength=&#8221;0.3&#8243; gradient_direction=&#8221;left_to_right&#8221; shape_divider_position=&#8221;bottom&#8221; bg_image_animation=&#8221;none&#8221; gradient_type=&#8221;default&#8221; shape_type=&#8221;&#8221;][vc_column column_padding=&#8221;no-extra-padding&#8221; column_padding_tablet=&#8221;inherit&#8221; column_padding_phone=&#8221;inherit&#8221; column_padding_position=&#8221;all&#8221; column_element_direction_desktop=&#8221;default&#8221; column_element_spacing=&#8221;default&#8221; desktop_text_alignment=&#8221;default&#8221; tablet_text_alignment=&#8221;default&#8221; phone_text_alignment=&#8221;default&#8221; background_color_opacity=&#8221;1&#8243; background_hover_color_opacity=&#8221;1&#8243; column_backdrop_filter=&#8221;none&#8221; column_shadow=&#8221;none&#8221; column_border_radius=&#8221;none&#8221; column_link_target=&#8221;_self&#8221; column_position=&#8221;default&#8221; gradient_direction=&#8221;left_to_right&#8221; overlay_strength=&#8221;0.3&#8243; width=&#8221;1\/1&#8243; tablet_width_inherit=&#8221;default&#8221; animation_type=&#8221;default&#8221; bg_image_animation=&#8221;none&#8221; border_type=&#8221;simple&#8221; column_border_width=&#8221;none&#8221; column_border_style=&#8221;solid&#8221;][vc_column_text css=&#8221;&#8221; text_direction=&#8221;default&#8221;]\n<h1>Partners on local, regional and national levels<\/h1>\n[\/vc_column_text][\/vc_column][\/vc_row][vc_row type=&#8221;in_container&#8221; full_screen_row_position=&#8221;middle&#8221; column_margin=&#8221;default&#8221; column_direction=&#8221;default&#8221; column_direction_tablet=&#8221;default&#8221; column_direction_phone=&#8221;default&#8221; scene_position=&#8221;center&#8221; text_color=&#8221;dark&#8221; text_align=&#8221;left&#8221; row_border_radius=&#8221;none&#8221; row_border_radius_applies=&#8221;bg&#8221; overflow=&#8221;visible&#8221; overlay_strength=&#8221;0.3&#8243; gradient_direction=&#8221;left_to_right&#8221; shape_divider_position=&#8221;bottom&#8221; bg_image_animation=&#8221;none&#8221;][vc_column column_padding=&#8221;no-extra-padding&#8221; column_padding_tablet=&#8221;inherit&#8221; column_padding_phone=&#8221;inherit&#8221; column_padding_position=&#8221;all&#8221; column_element_direction_desktop=&#8221;default&#8221; column_element_spacing=&#8221;default&#8221; desktop_text_alignment=&#8221;default&#8221; tablet_text_alignment=&#8221;default&#8221; phone_text_alignment=&#8221;default&#8221; background_color_opacity=&#8221;1&#8243; background_hover_color_opacity=&#8221;1&#8243; column_backdrop_filter=&#8221;none&#8221; column_shadow=&#8221;none&#8221; column_border_radius=&#8221;none&#8221; column_link_target=&#8221;_self&#8221; column_position=&#8221;default&#8221; gradient_direction=&#8221;left_to_right&#8221; overlay_strength=&#8221;0.3&#8243; width=&#8221;1\/1&#8243; tablet_width_inherit=&#8221;default&#8221; animation_type=&#8221;default&#8221; bg_image_animation=&#8221;none&#8221; border_type=&#8221;simple&#8221; column_border_width=&#8221;none&#8221; column_border_style=&#8221;solid&#8221;][clients columns=&#8221;6&#8243; hover_effect=&#8221;greyscale_to_color&#8221; additional_padding=&#8221;3&#8243; fade_in_animation=&#8221;true&#8221;][client image=&#8221;5418&#8243; url_target=&#8221;_blank&#8221; title=&#8221;Client&#8221; id=&#8221;1739516009303-6&#8243; tab_id=&#8221;1739516009303-9&#8243; url=&#8221;https:\/\/www.cakovec.hr\/web\/&#8221; name=&#8221;Grad \u010cakovec&#8221;] Click the edit button to add your testimonial. [\/client][client image=&#8221;5416&#8243; url_target=&#8221;_blank&#8221; title=&#8221;Client&#8221; id=&#8221;1739516009317-1&#8243; tab_id=&#8221;1739516009317-5&#8243; url=&#8221;https:\/\/cakra.hr\/&#8221; name=&#8221;Razvojna agencija grada \u010cakovca&#8221;] Click the edit button to add your testimonial. [\/client][client image=&#8221;5424&#8243; url_target=&#8221;_blank&#8221; title=&#8221;Client&#8221; id=&#8221;1739516009325-10&#8243; tab_id=&#8221;1739516009326-2&#8243; url=&#8221;https:\/\/www.hzz.hr\/&#8221; name=&#8221;Hrvatski zavod za zapo\u0161ljavanje&#8221;][\/client][client image=&#8221;5436&#8243; url_target=&#8221;_blank&#8221; title=&#8221;Client&#8221; id=&#8221;1739516009332-3&#8243; tab_id=&#8221;1739516009332-0&#8243; url=&#8221;https:\/\/ticm.hr\/&#8221; name=&#8221;Tehnolo\u0161ko-inovacijski centar Me\u0111imurje&#8221;][\/client][client image=&#8221;5438&#8243; url_target=&#8221;_blank&#8221; title=&#8221;Client&#8221; id=&#8221;1739516009337-3&#8243; tab_id=&#8221;1739516009337-2&#8243; url=&#8221;https:\/\/www.ufzg.unizg.hr\/&#8221; name=&#8221;Sveu\u010dili\u0161te u Zagrebu, U\u010diteljski fakultet&#8221;][\/client][client image=&#8221;5422&#8243; url_target=&#8221;_blank&#8221; title=&#8221;Client&#8221; id=&#8221;1739516009347-0&#8243; tab_id=&#8221;1739516009347-4&#8243; url=&#8221;https:\/\/www.gospodarskaskola.hr\/&#8221; name=&#8221;Gospodarska \u0161kola \u010cakovec&#8221;][\/client][client image=&#8221;5474&#8243; url_target=&#8221;_blank&#8221; title=&#8221;Client&#8221; id=&#8221;1739516009352-9&#8243; tab_id=&#8221;1739516009353-9&#8243; url=&#8221;https:\/\/www.pou.hr\/&#8221; name=&#8221;Pu\u010dko otvoreno u\u010dili\u0161te Zagreb&#8221;][\/client][client image=&#8221;5454&#8243; url_target=&#8221;_blank&#8221; title=&#8221;Client&#8221; id=&#8221;1739516009358-3&#8243; tab_id=&#8221;1739516009358-3&#8243; url=&#8221;https:\/\/www.pou-zabok.hr\/&#8221; name=&#8221;Pu\u010dko otvoreno u\u010dili\u0161te Zabok&#8221;][\/client][client image=&#8221;5428&#8243; url_target=&#8221;_blank&#8221; title=&#8221;Client&#8221; id=&#8221;1739516009368-2&#8243; tab_id=&#8221;1739516009368-10&#8243; url=&#8221;https:\/\/www.pou-obris.hr\/hr\/&#8221; name=&#8221;Pu\u010dko otvoreno u\u010dili\u0161te Obris&#8221;][\/client][client image=&#8221;5420&#8243; url_target=&#8221;_blank&#8221; title=&#8221;Client&#8221; id=&#8221;1739516009377-4&#8243; tab_id=&#8221;1739516009377-2&#8243; url=&#8221;https:\/\/uciliste-finis.com\/&#8221; name=&#8221;U\u010dili\u0161te Finis Zadar&#8221;][\/client][client image=&#8221;5430&#8243; url_target=&#8221;_blank&#8221; title=&#8221;Client&#8221; id=&#8221;1739516009384-9&#8243; tab_id=&#8221;1739516009384-0&#8243; url=&#8221;https:\/\/hotelpark.hr\/&#8221; name=&#8221;Hotel Park&#8221;][\/client][client image=&#8221;5434&#8243; url_target=&#8221;_blank&#8221; title=&#8221;Client&#8221; id=&#8221;1739516009390-0&#8243; tab_id=&#8221;1739516009390-2&#8243; url=&#8221;https:\/\/www.termesvetimartin.com\/en\/&#8221; name=&#8221;Terme Sveti Martin&#8221;][\/client][client image=&#8221;5426&#8243; url_target=&#8221;_blank&#8221; title=&#8221;Client&#8221; id=&#8221;1739516009399-10&#8243; tab_id=&#8221;1739516009399-10&#8243; url=&#8221;https:\/\/www.mediteran.hr\/&#8221; name=&#8221;Mediteran&#8221;][\/client][client image=&#8221;5440&#8243; url_target=&#8221;_blank&#8221; title=&#8221;Client&#8221; id=&#8221;1739516009405-6&#8243; tab_id=&#8221;1739516009405-3&#8243; url=&#8221;https:\/\/udruga-oitmz.hr\/&#8221; name=&#8221;Udruga osoba s intelektualnim te\u0161ko\u0107ama Me\u0111imurske \u017eupanije&#8221;][\/client][client image=&#8221;5432&#8243; url_target=&#8221;_blank&#8221; title=&#8221;Client&#8221; id=&#8221;1739516009410-8&#8243; tab_id=&#8221;1739516009410-0&#8243; url=&#8221;https:\/\/www.facebook.com\/kuupikac.selnica.1\/&#8221; name=&#8221;Udruga Pika\u010d Selnica&#8221;][\/client][client image=&#8221;5442&#8243; url_target=&#8221;_blank&#8221; title=&#8221;Client&#8221; id=&#8221;1739516009416-1&#8243; tab_id=&#8221;1739516009417-5&#8243; url=&#8221;https:\/\/www.usm.hr\/&#8221; name=&#8221;Udruga slijepih Me\u0111imurske \u017eupanije&#8221;][\/client][client image=&#8221;5444&#8243; url_target=&#8221;_blank&#8221; title=&#8221;Client&#8221; id=&#8221;1739516009425-10&#8243; tab_id=&#8221;1739516009425-6&#8243; url=&#8221;https:\/\/www.medjimurskivodici.hr\/&#8221; name=&#8221;Udruga turisti\u010dkih vodi\u010da \u201cMe\u0111imurski vodi\u010di\u201d&#8221;][\/client][client image=&#8221;5446&#8243; url_target=&#8221;_blank&#8221; title=&#8221;Client&#8221; id=&#8221;1739516009434-10&#8243; tab_id=&#8221;1739516009434-6&#8243; url=&#8221;https:\/\/www.facebook.com\/uudm2004&#8243; name=&#8221;Udruga udomitelja djece Me\u0111imurja&#8221;][\/client][client image=&#8221;5448&#8243; url_target=&#8221;_blank&#8221; title=&#8221;Client&#8221; id=&#8221;1739516009440-5&#8243; tab_id=&#8221;1739516009441-3&#8243; url=&#8221;https:\/\/www.facebook.com\/romiuzor\/&#8221; name=&#8221;Udruga za obrazovanje Roma \u2013 \u201cUZOR\u201d&#8221;][\/client][client image=&#8221;5452&#8243; url_target=&#8221;_blank&#8221; title=&#8221;Client&#8221; id=&#8221;1739516009447-3&#8243; tab_id=&#8221;1739516009448-2&#8243; url=&#8221;https:\/\/www.facebook.com\/UdrugaZora\/&#8221; name=&#8221;Udruga Zora&#8221;][\/client][client image=&#8221;5450&#8243; url_target=&#8221;_blank&#8221; title=&#8221;Client&#8221; id=&#8221;1739516009459-10&#8243; tab_id=&#8221;1739516009459-4&#8243; url=&#8221;https:\/\/zeus-senjar.hr\/web2\/&#8221; name=&#8221;Za\u0161titarsko-ekolo\u0161ka udruga \u201cSenjar\u201d&#8221;][\/client][\/clients][\/vc_column][\/vc_row][vc_row type=&#8221;full_width_content&#8221; full_screen_row_position=&#8221;middle&#8221; column_margin=&#8221;default&#8221; column_direction=&#8221;default&#8221; column_direction_tablet=&#8221;default&#8221; column_direction_phone=&#8221;default&#8221; bg_color=&#8221;#fde89b&#8221; scene_position=&#8221;center&#8221; top_padding=&#8221;5%&#8221; constrain_group_1=&#8221;yes&#8221; bottom_padding=&#8221;5%&#8221; left_padding_desktop=&#8221;5%&#8221; constrain_group_2=&#8221;yes&#8221; right_padding_desktop=&#8221;5%&#8221; top_margin=&#8221;5%&#8221; text_color=&#8221;dark&#8221; text_align=&#8221;center&#8221; row_border_radius=&#8221;none&#8221; row_border_radius_applies=&#8221;bg&#8221; overflow=&#8221;visible&#8221; overlay_strength=&#8221;0.3&#8243; gradient_direction=&#8221;left_to_right&#8221; shape_divider_position=&#8221;bottom&#8221; bg_image_animation=&#8221;none&#8221; gradient_type=&#8221;default&#8221; shape_type=&#8221;&#8221;][vc_column column_padding=&#8221;no-extra-padding&#8221; column_padding_tablet=&#8221;inherit&#8221; column_padding_phone=&#8221;inherit&#8221; column_padding_position=&#8221;all&#8221; column_element_direction_desktop=&#8221;default&#8221; column_element_spacing=&#8221;default&#8221; desktop_text_alignment=&#8221;default&#8221; tablet_text_alignment=&#8221;default&#8221; phone_text_alignment=&#8221;default&#8221; background_color_opacity=&#8221;1&#8243; background_hover_color_opacity=&#8221;1&#8243; column_backdrop_filter=&#8221;none&#8221; column_shadow=&#8221;none&#8221; column_border_radius=&#8221;none&#8221; column_link_target=&#8221;_self&#8221; column_position=&#8221;default&#8221; gradient_direction=&#8221;left_to_right&#8221; overlay_strength=&#8221;0.3&#8243; width=&#8221;1\/1&#8243; tablet_width_inherit=&#8221;default&#8221; animation_type=&#8221;default&#8221; bg_image_animation=&#8221;none&#8221; border_type=&#8221;simple&#8221; column_border_width=&#8221;none&#8221; column_border_style=&#8221;solid&#8221;][vc_column_text]\n<h3 style=\"text-align: center;\">Public Open University \u010cakovec has also developed a wide network of collaborators and partners at the European level.<\/h3>\n[\/vc_column_text][nectar_btn size=&#8221;jumbo&#8221; button_style=&#8221;regular&#8221; button_color_2=&#8221;Accent-Color&#8221; icon_family=&#8221;none&#8221; text=&#8221;EU Partner Network&#8221; url=&#8221;https:\/\/pou-cakovec.hr\/en\/projects\/additional-information\/partner-network\/&#8221;][\/vc_column][\/vc_row]\n","protected":false},"excerpt":{"rendered":"<p>[vc_row type=&#8221;in_container&#8221; full_screen_row_position=&#8221;middle&#8221; column_margin=&#8221;default&#8221; column_direction=&#8221;default&#8221; column_direction_tablet=&#8221;default&#8221; column_direction_phone=&#8221;default&#8221; scene_position=&#8221;center&#8221; bottom_margin=&#8221;5%&#8221; text_color=&#8221;dark&#8221; text_align=&#8221;left&#8221; row_border_radius=&#8221;none&#8221; row_border_radius_applies=&#8221;bg&#8221; overflow=&#8221;visible&#8221; overlay_strength=&#8221;0.3&#8243; gradient_direction=&#8221;left_to_right&#8221; shape_divider_position=&#8221;bottom&#8221; bg_image_animation=&#8221;none&#8221; gradient_type=&#8221;default&#8221; shape_type=&#8221;&#8221;][vc_column column_padding=&#8221;no-extra-padding&#8221; column_padding_tablet=&#8221;inherit&#8221; column_padding_phone=&#8221;inherit&#8221; column_padding_position=&#8221;all&#8221; column_element_direction_desktop=&#8221;default&#8221; column_element_spacing=&#8221;default&#8221; desktop_text_alignment=&#8221;default&#8221; tablet_text_alignment=&#8221;default&#8221; phone_text_alignment=&#8221;default&#8221; background_color_opacity=&#8221;1&#8243;&#8230;<\/p>\n","protected":false},"author":3,"featured_media":8460,"parent":3638,"menu_order":3,"comment_status":"closed","ping_status":"closed","template":"","meta":{"footnotes":""},"categories":[],"tags":[],"class_list":["post-9092","page","type-page","status-publish","has-post-thumbnail"],"yoast_head":"<!-- This site is optimized with the Yoast SEO plugin v27.4 - https:\/\/yoast.com\/product\/yoast-seo-wordpress\/ -->\n<title>Partners and Associates - POU \u010cakovec<\/title>\n<meta name=\"robots\" content=\"index, follow, max-snippet:-1, max-image-preview:large, max-video-preview:-1\" \/>\n<link rel=\"canonical\" href=\"https:\/\/pou-cakovec.hr\/en\/about-us\/partners-and-associates\/\" \/>\n<meta property=\"og:locale\" content=\"en_US\" \/>\n<meta property=\"og:type\" content=\"article\" \/>\n<meta property=\"og:title\" content=\"Partners and Associates - POU \u010cakovec\" \/>\n<meta property=\"og:description\" content=\"[vc_row type=&#8221;in_container&#8221; full_screen_row_position=&#8221;middle&#8221; column_margin=&#8221;default&#8221; column_direction=&#8221;default&#8221; column_direction_tablet=&#8221;default&#8221; column_direction_phone=&#8221;default&#8221; scene_position=&#8221;center&#8221; bottom_margin=&#8221;5%&#8221; text_color=&#8221;dark&#8221; text_align=&#8221;left&#8221; row_border_radius=&#8221;none&#8221; row_border_radius_applies=&#8221;bg&#8221; overflow=&#8221;visible&#8221; overlay_strength=&#8221;0.3&#8243; gradient_direction=&#8221;left_to_right&#8221; shape_divider_position=&#8221;bottom&#8221; bg_image_animation=&#8221;none&#8221; gradient_type=&#8221;default&#8221; shape_type=&#8221;&#8221;][vc_column column_padding=&#8221;no-extra-padding&#8221; column_padding_tablet=&#8221;inherit&#8221; column_padding_phone=&#8221;inherit&#8221; column_padding_position=&#8221;all&#8221; column_element_direction_desktop=&#8221;default&#8221; column_element_spacing=&#8221;default&#8221; desktop_text_alignment=&#8221;default&#8221; tablet_text_alignment=&#8221;default&#8221; phone_text_alignment=&#8221;default&#8221; background_color_opacity=&#8221;1&#8243;...\" \/>\n<meta property=\"og:url\" content=\"https:\/\/pou-cakovec.hr\/en\/about-us\/partners-and-associates\/\" \/>\n<meta property=\"og:site_name\" content=\"POU \u010cakovec\" \/>\n<meta property=\"article:modified_time\" content=\"2025-02-14T06:54:00+00:00\" \/>\n<meta property=\"og:image\" content=\"https:\/\/pou-cakovec.hr\/wp-content\/uploads\/featured.png\" \/>\n\t<meta property=\"og:image:width\" content=\"3300\" \/>\n\t<meta property=\"og:image:height\" content=\"1759\" \/>\n\t<meta property=\"og:image:type\" content=\"image\/png\" \/>\n<meta name=\"twitter:card\" content=\"summary_large_image\" \/>\n<meta name=\"twitter:label1\" content=\"Est. reading time\" \/>\n\t<meta name=\"twitter:data1\" content=\"5 minutes\" \/>\n<script type=\"application\/ld+json\" class=\"yoast-schema-graph\">{\"@context\":\"https:\\\/\\\/schema.org\",\"@graph\":[{\"@type\":\"WebPage\",\"@id\":\"https:\\\/\\\/pou-cakovec.hr\\\/en\\\/about-us\\\/partners-and-associates\\\/\",\"url\":\"https:\\\/\\\/pou-cakovec.hr\\\/en\\\/about-us\\\/partners-and-associates\\\/\",\"name\":\"Partners and Associates - POU \u010cakovec\",\"isPartOf\":{\"@id\":\"https:\\\/\\\/pou-cakovec.hr\\\/#website\"},\"primaryImageOfPage\":{\"@id\":\"https:\\\/\\\/pou-cakovec.hr\\\/en\\\/about-us\\\/partners-and-associates\\\/#primaryimage\"},\"image\":{\"@id\":\"https:\\\/\\\/pou-cakovec.hr\\\/en\\\/about-us\\\/partners-and-associates\\\/#primaryimage\"},\"thumbnailUrl\":\"https:\\\/\\\/pou-cakovec.hr\\\/wp-content\\\/uploads\\\/featured.png\",\"datePublished\":\"2023-09-03T19:01:28+00:00\",\"dateModified\":\"2025-02-14T06:54:00+00:00\",\"breadcrumb\":{\"@id\":\"https:\\\/\\\/pou-cakovec.hr\\\/en\\\/about-us\\\/partners-and-associates\\\/#breadcrumb\"},\"inLanguage\":\"en-US\",\"potentialAction\":[{\"@type\":\"ReadAction\",\"target\":[\"https:\\\/\\\/pou-cakovec.hr\\\/en\\\/about-us\\\/partners-and-associates\\\/\"]}]},{\"@type\":\"ImageObject\",\"inLanguage\":\"en-US\",\"@id\":\"https:\\\/\\\/pou-cakovec.hr\\\/en\\\/about-us\\\/partners-and-associates\\\/#primaryimage\",\"url\":\"https:\\\/\\\/pou-cakovec.hr\\\/wp-content\\\/uploads\\\/featured.png\",\"contentUrl\":\"https:\\\/\\\/pou-cakovec.hr\\\/wp-content\\\/uploads\\\/featured.png\",\"width\":3300,\"height\":1759},{\"@type\":\"BreadcrumbList\",\"@id\":\"https:\\\/\\\/pou-cakovec.hr\\\/en\\\/about-us\\\/partners-and-associates\\\/#breadcrumb\",\"itemListElement\":[{\"@type\":\"ListItem\",\"position\":1,\"name\":\"Home\",\"item\":\"https:\\\/\\\/pou-cakovec.hr\\\/en\\\/\"},{\"@type\":\"ListItem\",\"position\":2,\"name\":\"About Us\",\"item\":\"https:\\\/\\\/pou-cakovec.hr\\\/en\\\/about-us\\\/\"},{\"@type\":\"ListItem\",\"position\":3,\"name\":\"Partners and Associates\"}]},{\"@type\":\"WebSite\",\"@id\":\"https:\\\/\\\/pou-cakovec.hr\\\/#website\",\"url\":\"https:\\\/\\\/pou-cakovec.hr\\\/\",\"name\":\"POU \u010cakovec\",\"description\":\"Cjelo\u017eivotna znanja vrijedna \u0161irenja!\",\"potentialAction\":[{\"@type\":\"SearchAction\",\"target\":{\"@type\":\"EntryPoint\",\"urlTemplate\":\"https:\\\/\\\/pou-cakovec.hr\\\/?s={search_term_string}\"},\"query-input\":{\"@type\":\"PropertyValueSpecification\",\"valueRequired\":true,\"valueName\":\"search_term_string\"}}],\"inLanguage\":\"en-US\"}]}<\/script>\n<!-- \/ Yoast SEO plugin. -->","yoast_head_json":{"title":"Partners and Associates - POU \u010cakovec","robots":{"index":"index","follow":"follow","max-snippet":"max-snippet:-1","max-image-preview":"max-image-preview:large","max-video-preview":"max-video-preview:-1"},"canonical":"https:\/\/pou-cakovec.hr\/en\/about-us\/partners-and-associates\/","og_locale":"en_US","og_type":"article","og_title":"Partners and Associates - POU \u010cakovec","og_description":"[vc_row type=&#8221;in_container&#8221; full_screen_row_position=&#8221;middle&#8221; column_margin=&#8221;default&#8221; column_direction=&#8221;default&#8221; column_direction_tablet=&#8221;default&#8221; column_direction_phone=&#8221;default&#8221; scene_position=&#8221;center&#8221; bottom_margin=&#8221;5%&#8221; text_color=&#8221;dark&#8221; text_align=&#8221;left&#8221; row_border_radius=&#8221;none&#8221; row_border_radius_applies=&#8221;bg&#8221; overflow=&#8221;visible&#8221; overlay_strength=&#8221;0.3&#8243; gradient_direction=&#8221;left_to_right&#8221; shape_divider_position=&#8221;bottom&#8221; bg_image_animation=&#8221;none&#8221; gradient_type=&#8221;default&#8221; shape_type=&#8221;&#8221;][vc_column column_padding=&#8221;no-extra-padding&#8221; column_padding_tablet=&#8221;inherit&#8221; column_padding_phone=&#8221;inherit&#8221; column_padding_position=&#8221;all&#8221; column_element_direction_desktop=&#8221;default&#8221; column_element_spacing=&#8221;default&#8221; desktop_text_alignment=&#8221;default&#8221; tablet_text_alignment=&#8221;default&#8221; phone_text_alignment=&#8221;default&#8221; background_color_opacity=&#8221;1&#8243;...","og_url":"https:\/\/pou-cakovec.hr\/en\/about-us\/partners-and-associates\/","og_site_name":"POU \u010cakovec","article_modified_time":"2025-02-14T06:54:00+00:00","og_image":[{"width":3300,"height":1759,"url":"https:\/\/pou-cakovec.hr\/wp-content\/uploads\/featured.png","type":"image\/png"}],"twitter_card":"summary_large_image","twitter_misc":{"Est. reading time":"5 minutes"},"schema":{"@context":"https:\/\/schema.org","@graph":[{"@type":"WebPage","@id":"https:\/\/pou-cakovec.hr\/en\/about-us\/partners-and-associates\/","url":"https:\/\/pou-cakovec.hr\/en\/about-us\/partners-and-associates\/","name":"Partners and Associates - POU \u010cakovec","isPartOf":{"@id":"https:\/\/pou-cakovec.hr\/#website"},"primaryImageOfPage":{"@id":"https:\/\/pou-cakovec.hr\/en\/about-us\/partners-and-associates\/#primaryimage"},"image":{"@id":"https:\/\/pou-cakovec.hr\/en\/about-us\/partners-and-associates\/#primaryimage"},"thumbnailUrl":"https:\/\/pou-cakovec.hr\/wp-content\/uploads\/featured.png","datePublished":"2023-09-03T19:01:28+00:00","dateModified":"2025-02-14T06:54:00+00:00","breadcrumb":{"@id":"https:\/\/pou-cakovec.hr\/en\/about-us\/partners-and-associates\/#breadcrumb"},"inLanguage":"en-US","potentialAction":[{"@type":"ReadAction","target":["https:\/\/pou-cakovec.hr\/en\/about-us\/partners-and-associates\/"]}]},{"@type":"ImageObject","inLanguage":"en-US","@id":"https:\/\/pou-cakovec.hr\/en\/about-us\/partners-and-associates\/#primaryimage","url":"https:\/\/pou-cakovec.hr\/wp-content\/uploads\/featured.png","contentUrl":"https:\/\/pou-cakovec.hr\/wp-content\/uploads\/featured.png","width":3300,"height":1759},{"@type":"BreadcrumbList","@id":"https:\/\/pou-cakovec.hr\/en\/about-us\/partners-and-associates\/#breadcrumb","itemListElement":[{"@type":"ListItem","position":1,"name":"Home","item":"https:\/\/pou-cakovec.hr\/en\/"},{"@type":"ListItem","position":2,"name":"About Us","item":"https:\/\/pou-cakovec.hr\/en\/about-us\/"},{"@type":"ListItem","position":3,"name":"Partners and Associates"}]},{"@type":"WebSite","@id":"https:\/\/pou-cakovec.hr\/#website","url":"https:\/\/pou-cakovec.hr\/","name":"POU \u010cakovec","description":"Cjelo\u017eivotna znanja vrijedna \u0161irenja!","potentialAction":[{"@type":"SearchAction","target":{"@type":"EntryPoint","urlTemplate":"https:\/\/pou-cakovec.hr\/?s={search_term_string}"},"query-input":{"@type":"PropertyValueSpecification","valueRequired":true,"valueName":"search_term_string"}}],"inLanguage":"en-US"}]}},"_links":{"self":[{"href":"https:\/\/pou-cakovec.hr\/en\/wp-json\/wp\/v2\/pages\/9092","targetHints":{"allow":["GET"]}}],"collection":[{"href":"https:\/\/pou-cakovec.hr\/en\/wp-json\/wp\/v2\/pages"}],"about":[{"href":"https:\/\/pou-cakovec.hr\/en\/wp-json\/wp\/v2\/types\/page"}],"author":[{"embeddable":true,"href":"https:\/\/pou-cakovec.hr\/en\/wp-json\/wp\/v2\/users\/3"}],"replies":[{"embeddable":true,"href":"https:\/\/pou-cakovec.hr\/en\/wp-json\/wp\/v2\/comments?post=9092"}],"version-history":[{"count":3,"href":"https:\/\/pou-cakovec.hr\/en\/wp-json\/wp\/v2\/pages\/9092\/revisions"}],"predecessor-version":[{"id":14572,"href":"https:\/\/pou-cakovec.hr\/en\/wp-json\/wp\/v2\/pages\/9092\/revisions\/14572"}],"up":[{"embeddable":true,"href":"https:\/\/pou-cakovec.hr\/en\/wp-json\/wp\/v2\/pages\/3638"}],"wp:featuredmedia":[{"embeddable":true,"href":"https:\/\/pou-cakovec.hr\/en\/wp-json\/wp\/v2\/media\/8460"}],"wp:attachment":[{"href":"https:\/\/pou-cakovec.hr\/en\/wp-json\/wp\/v2\/media?parent=9092"}],"wp:term":[{"taxonomy":"category","embeddable":true,"href":"https:\/\/pou-cakovec.hr\/en\/wp-json\/wp\/v2\/categories?post=9092"},{"taxonomy":"post_tag","embeddable":true,"href":"https:\/\/pou-cakovec.hr\/en\/wp-json\/wp\/v2\/tags?post=9092"}],"curies":[{"name":"wp","href":"https:\/\/api.w.org\/{rel}","templated":true}]}}