
{"id":8992,"date":"2023-09-03T19:11:58","date_gmt":"2023-09-03T17:11:58","guid":{"rendered":"https:\/\/pou-cakovec.hr\/?page_id=8992"},"modified":"2023-09-03T20:18:21","modified_gmt":"2023-09-03T18:18:21","slug":"erasmus-accreditation","status":"publish","type":"page","link":"https:\/\/pou-cakovec.hr\/en\/projects\/additional-information\/erasmus-accreditation\/","title":{"rendered":"Erasmus+ Accreditation"},"content":{"rendered":"[vc_row type=&#8221;in_container&#8221; full_screen_row_position=&#8221;middle&#8221; column_margin=&#8221;default&#8221; column_direction=&#8221;default&#8221; column_direction_tablet=&#8221;default&#8221; column_direction_phone=&#8221;default&#8221; scene_position=&#8221;center&#8221; bottom_margin=&#8221;5%&#8221; text_color=&#8221;dark&#8221; text_align=&#8221;left&#8221; row_border_radius=&#8221;none&#8221; row_border_radius_applies=&#8221;bg&#8221; overflow=&#8221;visible&#8221; overlay_strength=&#8221;0.3&#8243; gradient_direction=&#8221;left_to_right&#8221; shape_divider_position=&#8221;bottom&#8221; bg_image_animation=&#8221;none&#8221; gradient_type=&#8221;default&#8221; shape_type=&#8221;&#8221;][vc_column column_padding=&#8221;no-extra-padding&#8221; column_padding_tablet=&#8221;inherit&#8221; column_padding_phone=&#8221;inherit&#8221; column_padding_position=&#8221;all&#8221; column_element_direction_desktop=&#8221;default&#8221; column_element_spacing=&#8221;default&#8221; desktop_text_alignment=&#8221;default&#8221; tablet_text_alignment=&#8221;default&#8221; phone_text_alignment=&#8221;default&#8221; background_color_opacity=&#8221;1&#8243; background_hover_color_opacity=&#8221;1&#8243; column_backdrop_filter=&#8221;none&#8221; column_shadow=&#8221;none&#8221; column_border_radius=&#8221;none&#8221; column_link_target=&#8221;_self&#8221; column_position=&#8221;default&#8221; gradient_direction=&#8221;left_to_right&#8221; overlay_strength=&#8221;0.3&#8243; width=&#8221;1\/1&#8243; tablet_width_inherit=&#8221;default&#8221; animation_type=&#8221;default&#8221; bg_image_animation=&#8221;none&#8221; border_type=&#8221;simple&#8221; column_border_width=&#8221;none&#8221; column_border_style=&#8221;solid&#8221;][vc_column_text]\n<h1>Erasmus+ Accreditation in the Field of Adult Education<\/h1>\n[\/vc_column_text][\/vc_column][\/vc_row][vc_row type=&#8221;full_width_background&#8221; full_screen_row_position=&#8221;middle&#8221; column_margin=&#8221;none&#8221; equal_height=&#8221;yes&#8221; content_placement=&#8221;middle&#8221; column_direction=&#8221;default&#8221; column_direction_tablet=&#8221;default&#8221; column_direction_phone=&#8221;default&#8221; scene_position=&#8221;center&#8221; top_padding_tablet=&#8221;8%&#8221; constrain_group_3=&#8221;yes&#8221; bottom_padding_tablet=&#8221;8%&#8221; top_padding_phone=&#8221;7%&#8221; constrain_group_5=&#8221;yes&#8221; bottom_padding_phone=&#8221;7%&#8221; bottom_margin=&#8221;5%&#8221; text_color=&#8221;dark&#8221; text_align=&#8221;left&#8221; row_border_radius=&#8221;none&#8221; row_border_radius_applies=&#8221;bg&#8221; overflow=&#8221;visible&#8221; overlay_strength=&#8221;0.3&#8243; gradient_direction=&#8221;left_to_right&#8221; shape_divider_position=&#8221;bottom&#8221; bg_image_animation=&#8221;none&#8221; gradient_type=&#8221;default&#8221; shape_type=&#8221;&#8221;][vc_column right_padding_desktop=&#8221;5%&#8221; right_padding_phone=&#8221;0&#8243; bottom_margin_tablet=&#8221;10%&#8221; column_element_direction_desktop=&#8221;default&#8221; column_element_spacing=&#8221;default&#8221; desktop_text_alignment=&#8221;default&#8221; tablet_text_alignment=&#8221;default&#8221; phone_text_alignment=&#8221;default&#8221; background_color_opacity=&#8221;1&#8243; background_hover_color_opacity=&#8221;1&#8243; column_backdrop_filter=&#8221;none&#8221; column_shadow=&#8221;none&#8221; column_border_radius=&#8221;none&#8221; column_link_target=&#8221;_self&#8221; column_position=&#8221;default&#8221; advanced_gradient_angle=&#8221;0&#8243; gradient_direction=&#8221;left_to_right&#8221; overlay_strength=&#8221;0.8&#8243; width=&#8221;2\/3&#8243; tablet_width_inherit=&#8221;default&#8221; animation_type=&#8221;default&#8221; bg_image_animation=&#8221;none&#8221; border_type=&#8221;simple&#8221; column_border_width=&#8221;none&#8221; column_border_style=&#8221;solid&#8221; gradient_type=&#8221;default&#8221; column_padding_type=&#8221;advanced&#8221;][vc_column_text]\n<h2>Public Open University \u010cakovec is the holder of Erasmus+ accreditation in the field of adult education, which applies to the period until 2027<\/h2>\n[\/vc_column_text][vc_column_text]Erasmus accreditation is a prestigious award given by the European Union to educational institutions that have demonstrated high quality standards in the implementation of the Erasmus+ program. This accreditation serves as a confirmation of our institutional excellence and facilitates access to financial resources from the Erasmus+ program. It is particularly significant that it was awarded to us in the field of adult education, which highlights our commitment to providing quality educational programs and courses aligned with European standards and best practices.<\/p>\n<p>Having Erasmus accreditation in the field of adult education means that Public Open University \u010cakovec is recognized as an institution capable of implementing projects of high quality standards and open to international cooperation and exchange. This additionally enables us to continuously develop and improve, using European funds for innovations in education and professional development of our staff.<\/p>\n<p>This accreditation not only confirms our expertise and quality of work, but also opens up opportunities for long-term cooperation with partners across Europe, which further contributes to the development of adult education at the local, national and European level.[\/vc_column_text][\/vc_column][vc_column column_padding=&#8221;no-extra-padding&#8221; column_padding_tablet=&#8221;inherit&#8221; column_padding_phone=&#8221;inherit&#8221; column_padding_position=&#8221;left-right&#8221; column_element_direction_desktop=&#8221;default&#8221; column_element_spacing=&#8221;0px&#8221; desktop_text_alignment=&#8221;default&#8221; tablet_text_alignment=&#8221;default&#8221; phone_text_alignment=&#8221;default&#8221; background_color=&#8221;#9bd6fd&#8221; background_color_opacity=&#8221;1&#8243; background_hover_color_opacity=&#8221;1&#8243; column_backdrop_filter=&#8221;none&#8221; column_shadow=&#8221;none&#8221; column_border_radius=&#8221;20px&#8221; column_link_target=&#8221;_self&#8221; column_position=&#8221;relative&#8221; advanced_gradient_angle=&#8221;180&#8243; gradient_direction=&#8221;left_to_right&#8221; overlay_strength=&#8221;0.3&#8243; width=&#8221;1\/3&#8243; tablet_width_inherit=&#8221;default&#8221; animation_type=&#8221;default&#8221; bg_image_animation=&#8221;none&#8221; border_type=&#8221;simple&#8221; column_border_width=&#8221;none&#8221; column_border_style=&#8221;solid&#8221; gradient_type=&#8221;default&#8221; column_padding_type=&#8221;default&#8221;][nectar_lottie trigger_type=&#8221;autoplay&#8221; mobile_func=&#8221;last_frame&#8221; loop=&#8221;true&#8221; frame_constraint=&#8221;0.00,100.00&#8243; speed=&#8221;0.8&#8243; width_desktop=&#8221;100%&#8221; alignment=&#8221;center&#8221; preserve_aspect_ratio=&#8221;xMidYMid meet&#8221; css_animation=&#8221;fade-in&#8221; json_url=&#8221;https:\/\/lottie.host\/272aaf15-376d-4837-903a-8e36f3902d8a\/vLlb06C1oI.json&#8221; class_name=&#8221;multiply-blend&#8221;][\/vc_column][\/vc_row]\n","protected":false},"excerpt":{"rendered":"<p>[vc_row type=&#8221;in_container&#8221; full_screen_row_position=&#8221;middle&#8221; column_margin=&#8221;default&#8221; column_direction=&#8221;default&#8221; column_direction_tablet=&#8221;default&#8221; column_direction_phone=&#8221;default&#8221; scene_position=&#8221;center&#8221; bottom_margin=&#8221;5%&#8221; text_color=&#8221;dark&#8221; text_align=&#8221;left&#8221; row_border_radius=&#8221;none&#8221; row_border_radius_applies=&#8221;bg&#8221; overflow=&#8221;visible&#8221; overlay_strength=&#8221;0.3&#8243; gradient_direction=&#8221;left_to_right&#8221; shape_divider_position=&#8221;bottom&#8221; bg_image_animation=&#8221;none&#8221; gradient_type=&#8221;default&#8221; shape_type=&#8221;&#8221;][vc_column column_padding=&#8221;no-extra-padding&#8221; column_padding_tablet=&#8221;inherit&#8221; column_padding_phone=&#8221;inherit&#8221; column_padding_position=&#8221;all&#8221; column_element_direction_desktop=&#8221;default&#8221; column_element_spacing=&#8221;default&#8221; desktop_text_alignment=&#8221;default&#8221; tablet_text_alignment=&#8221;default&#8221; phone_text_alignment=&#8221;default&#8221; background_color_opacity=&#8221;1&#8243;&#8230;<\/p>\n","protected":false},"author":3,"featured_media":8747,"parent":8991,"menu_order":1,"comment_status":"closed","ping_status":"closed","template":"","meta":{"footnotes":""},"categories":[],"tags":[],"class_list":["post-8992","page","type-page","status-publish","has-post-thumbnail"],"yoast_head":"<!-- This site is optimized with the Yoast SEO plugin v27.4 - https:\/\/yoast.com\/product\/yoast-seo-wordpress\/ -->\n<title>Erasmus+ Accreditation - POU \u010cakovec<\/title>\n<meta name=\"robots\" content=\"index, follow, max-snippet:-1, max-image-preview:large, max-video-preview:-1\" \/>\n<link rel=\"canonical\" href=\"https:\/\/pou-cakovec.hr\/en\/projects\/additional-information\/erasmus-accreditation\/\" \/>\n<meta property=\"og:locale\" content=\"en_US\" \/>\n<meta property=\"og:type\" content=\"article\" \/>\n<meta property=\"og:title\" content=\"Erasmus+ Accreditation - POU \u010cakovec\" \/>\n<meta property=\"og:description\" content=\"[vc_row type=&#8221;in_container&#8221; full_screen_row_position=&#8221;middle&#8221; column_margin=&#8221;default&#8221; column_direction=&#8221;default&#8221; column_direction_tablet=&#8221;default&#8221; column_direction_phone=&#8221;default&#8221; scene_position=&#8221;center&#8221; bottom_margin=&#8221;5%&#8221; text_color=&#8221;dark&#8221; text_align=&#8221;left&#8221; row_border_radius=&#8221;none&#8221; row_border_radius_applies=&#8221;bg&#8221; overflow=&#8221;visible&#8221; overlay_strength=&#8221;0.3&#8243; gradient_direction=&#8221;left_to_right&#8221; shape_divider_position=&#8221;bottom&#8221; bg_image_animation=&#8221;none&#8221; gradient_type=&#8221;default&#8221; shape_type=&#8221;&#8221;][vc_column column_padding=&#8221;no-extra-padding&#8221; column_padding_tablet=&#8221;inherit&#8221; column_padding_phone=&#8221;inherit&#8221; column_padding_position=&#8221;all&#8221; column_element_direction_desktop=&#8221;default&#8221; column_element_spacing=&#8221;default&#8221; desktop_text_alignment=&#8221;default&#8221; tablet_text_alignment=&#8221;default&#8221; phone_text_alignment=&#8221;default&#8221; background_color_opacity=&#8221;1&#8243;...\" \/>\n<meta property=\"og:url\" content=\"https:\/\/pou-cakovec.hr\/en\/projects\/additional-information\/erasmus-accreditation\/\" \/>\n<meta property=\"og:site_name\" content=\"POU \u010cakovec\" \/>\n<meta property=\"article:modified_time\" content=\"2023-09-03T18:18:21+00:00\" \/>\n<meta property=\"og:image\" content=\"https:\/\/pou-cakovec.hr\/wp-content\/uploads\/eu_flag-scaled.jpg\" \/>\n\t<meta property=\"og:image:width\" content=\"2560\" \/>\n\t<meta property=\"og:image:height\" content=\"1707\" \/>\n\t<meta property=\"og:image:type\" content=\"image\/jpeg\" \/>\n<meta name=\"twitter:card\" content=\"summary_large_image\" \/>\n<meta name=\"twitter:label1\" content=\"Est. reading time\" \/>\n\t<meta name=\"twitter:data1\" content=\"2 minutes\" \/>\n<script type=\"application\/ld+json\" class=\"yoast-schema-graph\">{\"@context\":\"https:\\\/\\\/schema.org\",\"@graph\":[{\"@type\":\"WebPage\",\"@id\":\"https:\\\/\\\/pou-cakovec.hr\\\/en\\\/projects\\\/additional-information\\\/erasmus-accreditation\\\/\",\"url\":\"https:\\\/\\\/pou-cakovec.hr\\\/en\\\/projects\\\/additional-information\\\/erasmus-accreditation\\\/\",\"name\":\"Erasmus+ Accreditation - POU \u010cakovec\",\"isPartOf\":{\"@id\":\"https:\\\/\\\/pou-cakovec.hr\\\/#website\"},\"primaryImageOfPage\":{\"@id\":\"https:\\\/\\\/pou-cakovec.hr\\\/en\\\/projects\\\/additional-information\\\/erasmus-accreditation\\\/#primaryimage\"},\"image\":{\"@id\":\"https:\\\/\\\/pou-cakovec.hr\\\/en\\\/projects\\\/additional-information\\\/erasmus-accreditation\\\/#primaryimage\"},\"thumbnailUrl\":\"https:\\\/\\\/pou-cakovec.hr\\\/wp-content\\\/uploads\\\/eu_flag-scaled.jpg\",\"datePublished\":\"2023-09-03T17:11:58+00:00\",\"dateModified\":\"2023-09-03T18:18:21+00:00\",\"breadcrumb\":{\"@id\":\"https:\\\/\\\/pou-cakovec.hr\\\/en\\\/projects\\\/additional-information\\\/erasmus-accreditation\\\/#breadcrumb\"},\"inLanguage\":\"en-US\",\"potentialAction\":[{\"@type\":\"ReadAction\",\"target\":[\"https:\\\/\\\/pou-cakovec.hr\\\/en\\\/projects\\\/additional-information\\\/erasmus-accreditation\\\/\"]}]},{\"@type\":\"ImageObject\",\"inLanguage\":\"en-US\",\"@id\":\"https:\\\/\\\/pou-cakovec.hr\\\/en\\\/projects\\\/additional-information\\\/erasmus-accreditation\\\/#primaryimage\",\"url\":\"https:\\\/\\\/pou-cakovec.hr\\\/wp-content\\\/uploads\\\/eu_flag-scaled.jpg\",\"contentUrl\":\"https:\\\/\\\/pou-cakovec.hr\\\/wp-content\\\/uploads\\\/eu_flag-scaled.jpg\",\"width\":2560,\"height\":1707},{\"@type\":\"BreadcrumbList\",\"@id\":\"https:\\\/\\\/pou-cakovec.hr\\\/en\\\/projects\\\/additional-information\\\/erasmus-accreditation\\\/#breadcrumb\",\"itemListElement\":[{\"@type\":\"ListItem\",\"position\":1,\"name\":\"Home\",\"item\":\"https:\\\/\\\/pou-cakovec.hr\\\/en\\\/\"},{\"@type\":\"ListItem\",\"position\":2,\"name\":\"Projects\",\"item\":\"https:\\\/\\\/pou-cakovec.hr\\\/en\\\/projects\\\/\"},{\"@type\":\"ListItem\",\"position\":3,\"name\":\"Additional Information\",\"item\":\"https:\\\/\\\/pou-cakovec.hr\\\/en\\\/projects\\\/additional-information\\\/\"},{\"@type\":\"ListItem\",\"position\":4,\"name\":\"Erasmus+ Accreditation\"}]},{\"@type\":\"WebSite\",\"@id\":\"https:\\\/\\\/pou-cakovec.hr\\\/#website\",\"url\":\"https:\\\/\\\/pou-cakovec.hr\\\/\",\"name\":\"POU \u010cakovec\",\"description\":\"Cjelo\u017eivotna znanja vrijedna \u0161irenja!\",\"potentialAction\":[{\"@type\":\"SearchAction\",\"target\":{\"@type\":\"EntryPoint\",\"urlTemplate\":\"https:\\\/\\\/pou-cakovec.hr\\\/?s={search_term_string}\"},\"query-input\":{\"@type\":\"PropertyValueSpecification\",\"valueRequired\":true,\"valueName\":\"search_term_string\"}}],\"inLanguage\":\"en-US\"}]}<\/script>\n<!-- \/ Yoast SEO plugin. -->","yoast_head_json":{"title":"Erasmus+ Accreditation - POU \u010cakovec","robots":{"index":"index","follow":"follow","max-snippet":"max-snippet:-1","max-image-preview":"max-image-preview:large","max-video-preview":"max-video-preview:-1"},"canonical":"https:\/\/pou-cakovec.hr\/en\/projects\/additional-information\/erasmus-accreditation\/","og_locale":"en_US","og_type":"article","og_title":"Erasmus+ Accreditation - POU \u010cakovec","og_description":"[vc_row type=&#8221;in_container&#8221; full_screen_row_position=&#8221;middle&#8221; column_margin=&#8221;default&#8221; column_direction=&#8221;default&#8221; column_direction_tablet=&#8221;default&#8221; column_direction_phone=&#8221;default&#8221; scene_position=&#8221;center&#8221; bottom_margin=&#8221;5%&#8221; text_color=&#8221;dark&#8221; text_align=&#8221;left&#8221; row_border_radius=&#8221;none&#8221; row_border_radius_applies=&#8221;bg&#8221; overflow=&#8221;visible&#8221; overlay_strength=&#8221;0.3&#8243; gradient_direction=&#8221;left_to_right&#8221; shape_divider_position=&#8221;bottom&#8221; bg_image_animation=&#8221;none&#8221; gradient_type=&#8221;default&#8221; shape_type=&#8221;&#8221;][vc_column column_padding=&#8221;no-extra-padding&#8221; column_padding_tablet=&#8221;inherit&#8221; column_padding_phone=&#8221;inherit&#8221; column_padding_position=&#8221;all&#8221; column_element_direction_desktop=&#8221;default&#8221; column_element_spacing=&#8221;default&#8221; desktop_text_alignment=&#8221;default&#8221; tablet_text_alignment=&#8221;default&#8221; phone_text_alignment=&#8221;default&#8221; background_color_opacity=&#8221;1&#8243;...","og_url":"https:\/\/pou-cakovec.hr\/en\/projects\/additional-information\/erasmus-accreditation\/","og_site_name":"POU \u010cakovec","article_modified_time":"2023-09-03T18:18:21+00:00","og_image":[{"width":2560,"height":1707,"url":"https:\/\/pou-cakovec.hr\/wp-content\/uploads\/eu_flag-scaled.jpg","type":"image\/jpeg"}],"twitter_card":"summary_large_image","twitter_misc":{"Est. reading time":"2 minutes"},"schema":{"@context":"https:\/\/schema.org","@graph":[{"@type":"WebPage","@id":"https:\/\/pou-cakovec.hr\/en\/projects\/additional-information\/erasmus-accreditation\/","url":"https:\/\/pou-cakovec.hr\/en\/projects\/additional-information\/erasmus-accreditation\/","name":"Erasmus+ Accreditation - POU \u010cakovec","isPartOf":{"@id":"https:\/\/pou-cakovec.hr\/#website"},"primaryImageOfPage":{"@id":"https:\/\/pou-cakovec.hr\/en\/projects\/additional-information\/erasmus-accreditation\/#primaryimage"},"image":{"@id":"https:\/\/pou-cakovec.hr\/en\/projects\/additional-information\/erasmus-accreditation\/#primaryimage"},"thumbnailUrl":"https:\/\/pou-cakovec.hr\/wp-content\/uploads\/eu_flag-scaled.jpg","datePublished":"2023-09-03T17:11:58+00:00","dateModified":"2023-09-03T18:18:21+00:00","breadcrumb":{"@id":"https:\/\/pou-cakovec.hr\/en\/projects\/additional-information\/erasmus-accreditation\/#breadcrumb"},"inLanguage":"en-US","potentialAction":[{"@type":"ReadAction","target":["https:\/\/pou-cakovec.hr\/en\/projects\/additional-information\/erasmus-accreditation\/"]}]},{"@type":"ImageObject","inLanguage":"en-US","@id":"https:\/\/pou-cakovec.hr\/en\/projects\/additional-information\/erasmus-accreditation\/#primaryimage","url":"https:\/\/pou-cakovec.hr\/wp-content\/uploads\/eu_flag-scaled.jpg","contentUrl":"https:\/\/pou-cakovec.hr\/wp-content\/uploads\/eu_flag-scaled.jpg","width":2560,"height":1707},{"@type":"BreadcrumbList","@id":"https:\/\/pou-cakovec.hr\/en\/projects\/additional-information\/erasmus-accreditation\/#breadcrumb","itemListElement":[{"@type":"ListItem","position":1,"name":"Home","item":"https:\/\/pou-cakovec.hr\/en\/"},{"@type":"ListItem","position":2,"name":"Projects","item":"https:\/\/pou-cakovec.hr\/en\/projects\/"},{"@type":"ListItem","position":3,"name":"Additional Information","item":"https:\/\/pou-cakovec.hr\/en\/projects\/additional-information\/"},{"@type":"ListItem","position":4,"name":"Erasmus+ Accreditation"}]},{"@type":"WebSite","@id":"https:\/\/pou-cakovec.hr\/#website","url":"https:\/\/pou-cakovec.hr\/","name":"POU \u010cakovec","description":"Cjelo\u017eivotna znanja vrijedna \u0161irenja!","potentialAction":[{"@type":"SearchAction","target":{"@type":"EntryPoint","urlTemplate":"https:\/\/pou-cakovec.hr\/?s={search_term_string}"},"query-input":{"@type":"PropertyValueSpecification","valueRequired":true,"valueName":"search_term_string"}}],"inLanguage":"en-US"}]}},"_links":{"self":[{"href":"https:\/\/pou-cakovec.hr\/en\/wp-json\/wp\/v2\/pages\/8992","targetHints":{"allow":["GET"]}}],"collection":[{"href":"https:\/\/pou-cakovec.hr\/en\/wp-json\/wp\/v2\/pages"}],"about":[{"href":"https:\/\/pou-cakovec.hr\/en\/wp-json\/wp\/v2\/types\/page"}],"author":[{"embeddable":true,"href":"https:\/\/pou-cakovec.hr\/en\/wp-json\/wp\/v2\/users\/3"}],"replies":[{"embeddable":true,"href":"https:\/\/pou-cakovec.hr\/en\/wp-json\/wp\/v2\/comments?post=8992"}],"version-history":[{"count":3,"href":"https:\/\/pou-cakovec.hr\/en\/wp-json\/wp\/v2\/pages\/8992\/revisions"}],"predecessor-version":[{"id":9068,"href":"https:\/\/pou-cakovec.hr\/en\/wp-json\/wp\/v2\/pages\/8992\/revisions\/9068"}],"up":[{"embeddable":true,"href":"https:\/\/pou-cakovec.hr\/en\/wp-json\/wp\/v2\/pages\/8991"}],"wp:featuredmedia":[{"embeddable":true,"href":"https:\/\/pou-cakovec.hr\/en\/wp-json\/wp\/v2\/media\/8747"}],"wp:attachment":[{"href":"https:\/\/pou-cakovec.hr\/en\/wp-json\/wp\/v2\/media?parent=8992"}],"wp:term":[{"taxonomy":"category","embeddable":true,"href":"https:\/\/pou-cakovec.hr\/en\/wp-json\/wp\/v2\/categories?post=8992"},{"taxonomy":"post_tag","embeddable":true,"href":"https:\/\/pou-cakovec.hr\/en\/wp-json\/wp\/v2\/tags?post=8992"}],"curies":[{"name":"wp","href":"https:\/\/api.w.org\/{rel}","templated":true}]}}