
{"id":8991,"date":"2023-09-03T19:11:50","date_gmt":"2023-09-03T17:11:50","guid":{"rendered":"https:\/\/pou-cakovec.hr\/?page_id=8991"},"modified":"2024-03-25T20:41:43","modified_gmt":"2024-03-25T18:41:43","slug":"additional-information","status":"publish","type":"page","link":"https:\/\/pou-cakovec.hr\/en\/projects\/additional-information\/","title":{"rendered":"Additional Information"},"content":{"rendered":"[vc_row type=&#8221;in_container&#8221; full_screen_row_position=&#8221;middle&#8221; column_margin=&#8221;default&#8221; column_direction=&#8221;default&#8221; column_direction_tablet=&#8221;default&#8221; column_direction_phone=&#8221;default&#8221; scene_position=&#8221;center&#8221; bottom_margin=&#8221;5%&#8221; text_color=&#8221;dark&#8221; text_align=&#8221;left&#8221; row_border_radius=&#8221;none&#8221; row_border_radius_applies=&#8221;bg&#8221; overflow=&#8221;visible&#8221; overlay_strength=&#8221;0.3&#8243; gradient_direction=&#8221;left_to_right&#8221; shape_divider_position=&#8221;bottom&#8221; bg_image_animation=&#8221;none&#8221; gradient_type=&#8221;default&#8221; shape_type=&#8221;&#8221;][vc_column column_padding=&#8221;no-extra-padding&#8221; column_padding_tablet=&#8221;inherit&#8221; column_padding_phone=&#8221;inherit&#8221; column_padding_position=&#8221;all&#8221; column_element_direction_desktop=&#8221;default&#8221; column_element_spacing=&#8221;default&#8221; desktop_text_alignment=&#8221;default&#8221; tablet_text_alignment=&#8221;default&#8221; phone_text_alignment=&#8221;default&#8221; background_color_opacity=&#8221;1&#8243; background_hover_color_opacity=&#8221;1&#8243; column_backdrop_filter=&#8221;none&#8221; column_shadow=&#8221;none&#8221; column_border_radius=&#8221;none&#8221; column_link_target=&#8221;_self&#8221; column_position=&#8221;default&#8221; gradient_direction=&#8221;left_to_right&#8221; overlay_strength=&#8221;0.3&#8243; width=&#8221;1\/1&#8243; tablet_width_inherit=&#8221;default&#8221; animation_type=&#8221;default&#8221; bg_image_animation=&#8221;none&#8221; border_type=&#8221;simple&#8221; column_border_width=&#8221;none&#8221; column_border_style=&#8221;solid&#8221;][vc_column_text text_direction=&#8221;default&#8221;]\n<h1>Additional Information on EU Projects<\/h1>\n[\/vc_column_text][\/vc_column][\/vc_row][vc_row type=&#8221;full_width_content&#8221; full_screen_row_position=&#8221;middle&#8221; column_margin=&#8221;default&#8221; column_direction=&#8221;default&#8221; column_direction_tablet=&#8221;default&#8221; column_direction_phone=&#8221;default&#8221; scene_position=&#8221;center&#8221; text_color=&#8221;dark&#8221; text_align=&#8221;left&#8221; row_border_radius=&#8221;none&#8221; row_border_radius_applies=&#8221;bg&#8221; overflow=&#8221;visible&#8221; overlay_strength=&#8221;0.3&#8243; gradient_direction=&#8221;left_to_right&#8221; shape_divider_position=&#8221;bottom&#8221; bg_image_animation=&#8221;none&#8221; gradient_type=&#8221;default&#8221; shape_type=&#8221;&#8221;][vc_column column_padding=&#8221;padding-5-percent&#8221; column_padding_tablet=&#8221;inherit&#8221; column_padding_phone=&#8221;inherit&#8221; column_padding_position=&#8221;all&#8221; column_element_direction_desktop=&#8221;default&#8221; column_element_spacing=&#8221;default&#8221; desktop_text_alignment=&#8221;default&#8221; tablet_text_alignment=&#8221;default&#8221; phone_text_alignment=&#8221;default&#8221; background_color=&#8221;#9bd6fd&#8221; background_color_opacity=&#8221;1&#8243; background_hover_color_opacity=&#8221;1&#8243; column_backdrop_filter=&#8221;none&#8221; column_shadow=&#8221;none&#8221; column_border_radius=&#8221;none&#8221; column_link_target=&#8221;_self&#8221; column_position=&#8221;default&#8221; gradient_direction=&#8221;left_to_right&#8221; overlay_strength=&#8221;0.3&#8243; width=&#8221;2\/3&#8243; tablet_width_inherit=&#8221;default&#8221; animation_type=&#8221;default&#8221; bg_image_animation=&#8221;none&#8221; border_type=&#8221;simple&#8221; column_border_width=&#8221;none&#8221; column_border_style=&#8221;solid&#8221; column_padding_type=&#8221;default&#8221; gradient_type=&#8221;default&#8221;][vc_column_text text_direction=&#8221;default&#8221;]Public Open University \u010cakovec strongly advocates cooperation and partnership as key factors in achieving sustainable development and innovation in the field of adult education. Our institution therefore works with full dedication to establish and preserve strategic partnerships with educational institutions, local organizations, public bodies and international participants. Such cooperation allows us not only to enrich our offer of programs and courses, but also to share our expertise, experience and knowledge with the aim of jointly contributing to solving challenges in the education sector and beyond. We are open to innovative approaches and multidisciplinary projects, and we are continuously looking for new opportunities for cooperation that will raise the quality of education and contribute to positive social changes.[\/vc_column_text][\/vc_column][vc_column column_padding=&#8221;padding-5-percent&#8221; column_padding_tablet=&#8221;inherit&#8221; column_padding_phone=&#8221;inherit&#8221; column_padding_position=&#8221;all&#8221; column_element_direction_desktop=&#8221;default&#8221; column_element_spacing=&#8221;default&#8221; desktop_text_alignment=&#8221;default&#8221; tablet_text_alignment=&#8221;default&#8221; phone_text_alignment=&#8221;default&#8221; background_color_opacity=&#8221;1&#8243; background_hover_color_opacity=&#8221;1&#8243; column_backdrop_filter=&#8221;none&#8221; column_shadow=&#8221;none&#8221; column_border_radius=&#8221;none&#8221; column_link_target=&#8221;_self&#8221; column_position=&#8221;default&#8221; gradient_direction=&#8221;left_to_right&#8221; overlay_strength=&#8221;0.3&#8243; width=&#8221;1\/3&#8243; tablet_width_inherit=&#8221;default&#8221; animation_type=&#8221;default&#8221; bg_image_animation=&#8221;none&#8221; border_type=&#8221;simple&#8221; column_border_width=&#8221;none&#8221; column_border_style=&#8221;solid&#8221; column_padding_type=&#8221;default&#8221; gradient_type=&#8221;default&#8221;][vc_column_text]\n<h3>Contact us<\/h3>\n[\/vc_column_text][vc_column_text text_direction=&#8221;default&#8221;]Send your cooperation inquiries to the following email:[\/vc_column_text]<div class=\"iwithtext\"><div class=\"iwt-icon\"> <i class=\"icon-default-style fa fa-envelope accent-color\"><\/i> <\/div><div class=\"iwt-text\"> <a href=\"mailto:project@pou-cakovec.hr\" target=\"_blank\" rel=\"noopener\">project@pou-cakovec.hr<\/a> <\/div><div class=\"clear\"><\/div><\/div>[\/vc_column][\/vc_row][vc_row type=&#8221;in_container&#8221; full_screen_row_position=&#8221;middle&#8221; column_margin=&#8221;default&#8221; column_direction=&#8221;default&#8221; column_direction_tablet=&#8221;default&#8221; column_direction_phone=&#8221;default&#8221; scene_position=&#8221;center&#8221; top_margin=&#8221;5%&#8221; text_color=&#8221;dark&#8221; text_align=&#8221;left&#8221; row_border_radius=&#8221;none&#8221; row_border_radius_applies=&#8221;bg&#8221; overflow=&#8221;visible&#8221; overlay_strength=&#8221;0.3&#8243; gradient_direction=&#8221;left_to_right&#8221; shape_divider_position=&#8221;bottom&#8221; bg_image_animation=&#8221;none&#8221; gradient_type=&#8221;default&#8221; shape_type=&#8221;&#8221;][vc_column column_padding=&#8221;no-extra-padding&#8221; column_padding_tablet=&#8221;inherit&#8221; column_padding_phone=&#8221;inherit&#8221; column_padding_position=&#8221;all&#8221; column_element_direction_desktop=&#8221;default&#8221; column_element_spacing=&#8221;default&#8221; desktop_text_alignment=&#8221;default&#8221; tablet_text_alignment=&#8221;default&#8221; phone_text_alignment=&#8221;default&#8221; background_color_opacity=&#8221;1&#8243; background_hover_color_opacity=&#8221;1&#8243; background_image=&#8221;8755&#8243; background_image_position=&#8221;center center&#8221; background_image_stacking=&#8221;default&#8221; enable_bg_scale=&#8221;true&#8221; background_image_loading=&#8221;default&#8221; column_backdrop_filter=&#8221;none&#8221; column_shadow=&#8221;none&#8221; column_border_radius=&#8221;10px&#8221; column_link_target=&#8221;_self&#8221; column_position=&#8221;default&#8221; gradient_direction=&#8221;left_to_right&#8221; overlay_strength=&#8221;0.3&#8243; width=&#8221;1\/3&#8243; tablet_width_inherit=&#8221;default&#8221; animation_type=&#8221;default&#8221; bg_image_animation=&#8221;none&#8221; border_type=&#8221;simple&#8221; column_border_width=&#8221;none&#8221; column_border_style=&#8221;solid&#8221; column_padding_type=&#8221;default&#8221; gradient_type=&#8221;default&#8221;][fancy_box box_style=&#8221;default&#8221; icon_family=&#8221;none&#8221; color=&#8221;extra-color-3&#8243; border_radius=&#8221;10px&#8221; image_loading=&#8221;default&#8221; link_url=&#8221;https:\/\/pou-cakovec.hr\/en\/projects\/additional-information\/partner-network\/&#8221; link_text=&#8221;Learn more&#8221; min_height_tablet=&#8221;60&#8243; min_height_phone=&#8221;60&#8243; css=&#8221;.vc_custom_1711392031226{padding-top: 5% !important;padding-right: 5% !important;padding-bottom: 5% !important;padding-left: 5% !important;}&#8221;]\n<h3><strong>Partner Network<br \/>\n<\/strong><\/h3>\n<p><strong>Our wide network of partners includes educational institutions, local organizations and international actors, with whom we work together to achieve educational and social goals.<\/strong>[\/fancy_box][\/vc_column][vc_column column_padding=&#8221;no-extra-padding&#8221; column_padding_tablet=&#8221;inherit&#8221; column_padding_phone=&#8221;inherit&#8221; column_padding_position=&#8221;all&#8221; column_element_direction_desktop=&#8221;default&#8221; column_element_spacing=&#8221;default&#8221; desktop_text_alignment=&#8221;default&#8221; tablet_text_alignment=&#8221;default&#8221; phone_text_alignment=&#8221;default&#8221; background_color_opacity=&#8221;1&#8243; background_hover_color_opacity=&#8221;1&#8243; background_image=&#8221;8746&#8243; background_image_position=&#8221;center center&#8221; background_image_stacking=&#8221;default&#8221; enable_bg_scale=&#8221;true&#8221; background_image_loading=&#8221;default&#8221; column_backdrop_filter=&#8221;none&#8221; column_shadow=&#8221;none&#8221; column_border_radius=&#8221;10px&#8221; column_link_target=&#8221;_self&#8221; column_position=&#8221;default&#8221; gradient_direction=&#8221;left_to_right&#8221; overlay_strength=&#8221;0.3&#8243; width=&#8221;1\/3&#8243; tablet_width_inherit=&#8221;default&#8221; animation_type=&#8221;default&#8221; bg_image_animation=&#8221;none&#8221; border_type=&#8221;simple&#8221; column_border_width=&#8221;none&#8221; column_border_style=&#8221;solid&#8221; column_padding_type=&#8221;default&#8221; gradient_type=&#8221;default&#8221;][fancy_box box_style=&#8221;default&#8221; icon_family=&#8221;none&#8221; color=&#8221;extra-color-3&#8243; border_radius=&#8221;10px&#8221; image_loading=&#8221;default&#8221; link_url=&#8221;https:\/\/pou-cakovec.hr\/en\/projects\/additional-information\/erasmus-accreditation\/&#8221; link_text=&#8221;Learn more&#8221; min_height_tablet=&#8221;60&#8243; min_height_phone=&#8221;60&#8243; css=&#8221;.vc_custom_1711392070744{padding-top: 5% !important;padding-right: 5% !important;padding-bottom: 5% !important;padding-left: 5% !important;}&#8221;]\n<h3><strong>Erasmus+ Accreditation<\/strong><\/h3>\n<p>We hold Erasmus+ accreditation in the field of adult education, which enables us to continue cooperation and exchange with European partners at a high quality standard.[\/fancy_box][\/vc_column][vc_column column_padding=&#8221;no-extra-padding&#8221; column_padding_tablet=&#8221;inherit&#8221; column_padding_phone=&#8221;inherit&#8221; column_padding_position=&#8221;all&#8221; column_element_direction_desktop=&#8221;default&#8221; column_element_spacing=&#8221;default&#8221; desktop_text_alignment=&#8221;default&#8221; tablet_text_alignment=&#8221;default&#8221; phone_text_alignment=&#8221;default&#8221; background_color_opacity=&#8221;1&#8243; background_hover_color_opacity=&#8221;1&#8243; background_image=&#8221;8762&#8243; background_image_position=&#8221;center center&#8221; background_image_stacking=&#8221;default&#8221; enable_bg_scale=&#8221;true&#8221; background_image_loading=&#8221;default&#8221; column_backdrop_filter=&#8221;none&#8221; column_shadow=&#8221;none&#8221; column_border_radius=&#8221;10px&#8221; column_link_target=&#8221;_self&#8221; column_position=&#8221;default&#8221; gradient_direction=&#8221;left_to_right&#8221; overlay_strength=&#8221;0.3&#8243; width=&#8221;1\/3&#8243; tablet_width_inherit=&#8221;default&#8221; animation_type=&#8221;default&#8221; bg_image_animation=&#8221;none&#8221; border_type=&#8221;simple&#8221; column_border_width=&#8221;none&#8221; column_border_style=&#8221;solid&#8221; column_padding_type=&#8221;default&#8221; gradient_type=&#8221;default&#8221;][fancy_box box_style=&#8221;default&#8221; icon_family=&#8221;none&#8221; color=&#8221;extra-color-3&#8243; border_radius=&#8221;10px&#8221; image_loading=&#8221;default&#8221; link_url=&#8221;https:\/\/pou-cakovec.hr\/en\/projects\/additional-information\/pif-form\/&#8221; link_text=&#8221;Learn more&#8221; min_height_tablet=&#8221;60&#8243; min_height_phone=&#8221;60&#8243; css=&#8221;.vc_custom_1711392100826{padding-top: 5% !important;padding-right: 5% !important;padding-bottom: 5% !important;padding-left: 5% !important;}&#8221;]\n<h3><strong>PIF Form<br \/>\n<\/strong><\/h3>\n<p><strong>For more information about our competences and opportunities for cooperation, download the PIF form directly from our website.<\/strong>[\/fancy_box][\/vc_column][\/vc_row]\n","protected":false},"excerpt":{"rendered":"<p>[vc_row type=&#8221;in_container&#8221; full_screen_row_position=&#8221;middle&#8221; column_margin=&#8221;default&#8221; column_direction=&#8221;default&#8221; column_direction_tablet=&#8221;default&#8221; column_direction_phone=&#8221;default&#8221; scene_position=&#8221;center&#8221; bottom_margin=&#8221;5%&#8221; text_color=&#8221;dark&#8221; text_align=&#8221;left&#8221; row_border_radius=&#8221;none&#8221; row_border_radius_applies=&#8221;bg&#8221; overflow=&#8221;visible&#8221; overlay_strength=&#8221;0.3&#8243; gradient_direction=&#8221;left_to_right&#8221; shape_divider_position=&#8221;bottom&#8221; bg_image_animation=&#8221;none&#8221; gradient_type=&#8221;default&#8221; shape_type=&#8221;&#8221;][vc_column column_padding=&#8221;no-extra-padding&#8221; column_padding_tablet=&#8221;inherit&#8221; column_padding_phone=&#8221;inherit&#8221; column_padding_position=&#8221;all&#8221; column_element_direction_desktop=&#8221;default&#8221; column_element_spacing=&#8221;default&#8221; desktop_text_alignment=&#8221;default&#8221; tablet_text_alignment=&#8221;default&#8221; phone_text_alignment=&#8221;default&#8221; background_color_opacity=&#8221;1&#8243;&#8230;<\/p>\n","protected":false},"author":3,"featured_media":8747,"parent":8932,"menu_order":3,"comment_status":"closed","ping_status":"closed","template":"","meta":{"footnotes":""},"categories":[],"tags":[],"class_list":["post-8991","page","type-page","status-publish","has-post-thumbnail"],"yoast_head":"<!-- This site is optimized with the Yoast SEO plugin v27.4 - https:\/\/yoast.com\/product\/yoast-seo-wordpress\/ -->\n<title>Additional Information - POU \u010cakovec<\/title>\n<meta name=\"robots\" content=\"index, follow, max-snippet:-1, max-image-preview:large, max-video-preview:-1\" \/>\n<link rel=\"canonical\" href=\"https:\/\/pou-cakovec.hr\/en\/projects\/additional-information\/\" \/>\n<meta property=\"og:locale\" content=\"en_US\" \/>\n<meta property=\"og:type\" content=\"article\" \/>\n<meta property=\"og:title\" content=\"Additional Information - POU \u010cakovec\" \/>\n<meta property=\"og:description\" content=\"[vc_row type=&#8221;in_container&#8221; full_screen_row_position=&#8221;middle&#8221; column_margin=&#8221;default&#8221; column_direction=&#8221;default&#8221; column_direction_tablet=&#8221;default&#8221; column_direction_phone=&#8221;default&#8221; scene_position=&#8221;center&#8221; bottom_margin=&#8221;5%&#8221; text_color=&#8221;dark&#8221; text_align=&#8221;left&#8221; row_border_radius=&#8221;none&#8221; row_border_radius_applies=&#8221;bg&#8221; overflow=&#8221;visible&#8221; overlay_strength=&#8221;0.3&#8243; gradient_direction=&#8221;left_to_right&#8221; shape_divider_position=&#8221;bottom&#8221; bg_image_animation=&#8221;none&#8221; gradient_type=&#8221;default&#8221; shape_type=&#8221;&#8221;][vc_column column_padding=&#8221;no-extra-padding&#8221; column_padding_tablet=&#8221;inherit&#8221; column_padding_phone=&#8221;inherit&#8221; column_padding_position=&#8221;all&#8221; column_element_direction_desktop=&#8221;default&#8221; column_element_spacing=&#8221;default&#8221; desktop_text_alignment=&#8221;default&#8221; tablet_text_alignment=&#8221;default&#8221; phone_text_alignment=&#8221;default&#8221; background_color_opacity=&#8221;1&#8243;...\" \/>\n<meta property=\"og:url\" content=\"https:\/\/pou-cakovec.hr\/en\/projects\/additional-information\/\" \/>\n<meta property=\"og:site_name\" content=\"POU \u010cakovec\" \/>\n<meta property=\"article:modified_time\" content=\"2024-03-25T18:41:43+00:00\" \/>\n<meta property=\"og:image\" content=\"https:\/\/pou-cakovec.hr\/wp-content\/uploads\/eu_flag-scaled.jpg\" \/>\n\t<meta property=\"og:image:width\" content=\"2560\" \/>\n\t<meta property=\"og:image:height\" content=\"1707\" \/>\n\t<meta property=\"og:image:type\" content=\"image\/jpeg\" \/>\n<meta name=\"twitter:card\" content=\"summary_large_image\" \/>\n<meta name=\"twitter:label1\" content=\"Est. reading time\" \/>\n\t<meta name=\"twitter:data1\" content=\"4 minutes\" \/>\n<script type=\"application\/ld+json\" class=\"yoast-schema-graph\">{\"@context\":\"https:\\\/\\\/schema.org\",\"@graph\":[{\"@type\":\"WebPage\",\"@id\":\"https:\\\/\\\/pou-cakovec.hr\\\/en\\\/projects\\\/additional-information\\\/\",\"url\":\"https:\\\/\\\/pou-cakovec.hr\\\/en\\\/projects\\\/additional-information\\\/\",\"name\":\"Additional Information - POU \u010cakovec\",\"isPartOf\":{\"@id\":\"https:\\\/\\\/pou-cakovec.hr\\\/#website\"},\"primaryImageOfPage\":{\"@id\":\"https:\\\/\\\/pou-cakovec.hr\\\/en\\\/projects\\\/additional-information\\\/#primaryimage\"},\"image\":{\"@id\":\"https:\\\/\\\/pou-cakovec.hr\\\/en\\\/projects\\\/additional-information\\\/#primaryimage\"},\"thumbnailUrl\":\"https:\\\/\\\/pou-cakovec.hr\\\/wp-content\\\/uploads\\\/eu_flag-scaled.jpg\",\"datePublished\":\"2023-09-03T17:11:50+00:00\",\"dateModified\":\"2024-03-25T18:41:43+00:00\",\"breadcrumb\":{\"@id\":\"https:\\\/\\\/pou-cakovec.hr\\\/en\\\/projects\\\/additional-information\\\/#breadcrumb\"},\"inLanguage\":\"en-US\",\"potentialAction\":[{\"@type\":\"ReadAction\",\"target\":[\"https:\\\/\\\/pou-cakovec.hr\\\/en\\\/projects\\\/additional-information\\\/\"]}]},{\"@type\":\"ImageObject\",\"inLanguage\":\"en-US\",\"@id\":\"https:\\\/\\\/pou-cakovec.hr\\\/en\\\/projects\\\/additional-information\\\/#primaryimage\",\"url\":\"https:\\\/\\\/pou-cakovec.hr\\\/wp-content\\\/uploads\\\/eu_flag-scaled.jpg\",\"contentUrl\":\"https:\\\/\\\/pou-cakovec.hr\\\/wp-content\\\/uploads\\\/eu_flag-scaled.jpg\",\"width\":2560,\"height\":1707},{\"@type\":\"BreadcrumbList\",\"@id\":\"https:\\\/\\\/pou-cakovec.hr\\\/en\\\/projects\\\/additional-information\\\/#breadcrumb\",\"itemListElement\":[{\"@type\":\"ListItem\",\"position\":1,\"name\":\"Home\",\"item\":\"https:\\\/\\\/pou-cakovec.hr\\\/en\\\/\"},{\"@type\":\"ListItem\",\"position\":2,\"name\":\"Projects\",\"item\":\"https:\\\/\\\/pou-cakovec.hr\\\/en\\\/projects\\\/\"},{\"@type\":\"ListItem\",\"position\":3,\"name\":\"Additional Information\"}]},{\"@type\":\"WebSite\",\"@id\":\"https:\\\/\\\/pou-cakovec.hr\\\/#website\",\"url\":\"https:\\\/\\\/pou-cakovec.hr\\\/\",\"name\":\"POU \u010cakovec\",\"description\":\"Cjelo\u017eivotna znanja vrijedna \u0161irenja!\",\"potentialAction\":[{\"@type\":\"SearchAction\",\"target\":{\"@type\":\"EntryPoint\",\"urlTemplate\":\"https:\\\/\\\/pou-cakovec.hr\\\/?s={search_term_string}\"},\"query-input\":{\"@type\":\"PropertyValueSpecification\",\"valueRequired\":true,\"valueName\":\"search_term_string\"}}],\"inLanguage\":\"en-US\"}]}<\/script>\n<!-- \/ Yoast SEO plugin. -->","yoast_head_json":{"title":"Additional Information - POU \u010cakovec","robots":{"index":"index","follow":"follow","max-snippet":"max-snippet:-1","max-image-preview":"max-image-preview:large","max-video-preview":"max-video-preview:-1"},"canonical":"https:\/\/pou-cakovec.hr\/en\/projects\/additional-information\/","og_locale":"en_US","og_type":"article","og_title":"Additional Information - POU \u010cakovec","og_description":"[vc_row type=&#8221;in_container&#8221; full_screen_row_position=&#8221;middle&#8221; column_margin=&#8221;default&#8221; column_direction=&#8221;default&#8221; column_direction_tablet=&#8221;default&#8221; column_direction_phone=&#8221;default&#8221; scene_position=&#8221;center&#8221; bottom_margin=&#8221;5%&#8221; text_color=&#8221;dark&#8221; text_align=&#8221;left&#8221; row_border_radius=&#8221;none&#8221; row_border_radius_applies=&#8221;bg&#8221; overflow=&#8221;visible&#8221; overlay_strength=&#8221;0.3&#8243; gradient_direction=&#8221;left_to_right&#8221; shape_divider_position=&#8221;bottom&#8221; bg_image_animation=&#8221;none&#8221; gradient_type=&#8221;default&#8221; shape_type=&#8221;&#8221;][vc_column column_padding=&#8221;no-extra-padding&#8221; column_padding_tablet=&#8221;inherit&#8221; column_padding_phone=&#8221;inherit&#8221; column_padding_position=&#8221;all&#8221; column_element_direction_desktop=&#8221;default&#8221; column_element_spacing=&#8221;default&#8221; desktop_text_alignment=&#8221;default&#8221; tablet_text_alignment=&#8221;default&#8221; phone_text_alignment=&#8221;default&#8221; background_color_opacity=&#8221;1&#8243;...","og_url":"https:\/\/pou-cakovec.hr\/en\/projects\/additional-information\/","og_site_name":"POU \u010cakovec","article_modified_time":"2024-03-25T18:41:43+00:00","og_image":[{"width":2560,"height":1707,"url":"https:\/\/pou-cakovec.hr\/wp-content\/uploads\/eu_flag-scaled.jpg","type":"image\/jpeg"}],"twitter_card":"summary_large_image","twitter_misc":{"Est. reading time":"4 minutes"},"schema":{"@context":"https:\/\/schema.org","@graph":[{"@type":"WebPage","@id":"https:\/\/pou-cakovec.hr\/en\/projects\/additional-information\/","url":"https:\/\/pou-cakovec.hr\/en\/projects\/additional-information\/","name":"Additional Information - POU \u010cakovec","isPartOf":{"@id":"https:\/\/pou-cakovec.hr\/#website"},"primaryImageOfPage":{"@id":"https:\/\/pou-cakovec.hr\/en\/projects\/additional-information\/#primaryimage"},"image":{"@id":"https:\/\/pou-cakovec.hr\/en\/projects\/additional-information\/#primaryimage"},"thumbnailUrl":"https:\/\/pou-cakovec.hr\/wp-content\/uploads\/eu_flag-scaled.jpg","datePublished":"2023-09-03T17:11:50+00:00","dateModified":"2024-03-25T18:41:43+00:00","breadcrumb":{"@id":"https:\/\/pou-cakovec.hr\/en\/projects\/additional-information\/#breadcrumb"},"inLanguage":"en-US","potentialAction":[{"@type":"ReadAction","target":["https:\/\/pou-cakovec.hr\/en\/projects\/additional-information\/"]}]},{"@type":"ImageObject","inLanguage":"en-US","@id":"https:\/\/pou-cakovec.hr\/en\/projects\/additional-information\/#primaryimage","url":"https:\/\/pou-cakovec.hr\/wp-content\/uploads\/eu_flag-scaled.jpg","contentUrl":"https:\/\/pou-cakovec.hr\/wp-content\/uploads\/eu_flag-scaled.jpg","width":2560,"height":1707},{"@type":"BreadcrumbList","@id":"https:\/\/pou-cakovec.hr\/en\/projects\/additional-information\/#breadcrumb","itemListElement":[{"@type":"ListItem","position":1,"name":"Home","item":"https:\/\/pou-cakovec.hr\/en\/"},{"@type":"ListItem","position":2,"name":"Projects","item":"https:\/\/pou-cakovec.hr\/en\/projects\/"},{"@type":"ListItem","position":3,"name":"Additional Information"}]},{"@type":"WebSite","@id":"https:\/\/pou-cakovec.hr\/#website","url":"https:\/\/pou-cakovec.hr\/","name":"POU \u010cakovec","description":"Cjelo\u017eivotna znanja vrijedna \u0161irenja!","potentialAction":[{"@type":"SearchAction","target":{"@type":"EntryPoint","urlTemplate":"https:\/\/pou-cakovec.hr\/?s={search_term_string}"},"query-input":{"@type":"PropertyValueSpecification","valueRequired":true,"valueName":"search_term_string"}}],"inLanguage":"en-US"}]}},"_links":{"self":[{"href":"https:\/\/pou-cakovec.hr\/en\/wp-json\/wp\/v2\/pages\/8991","targetHints":{"allow":["GET"]}}],"collection":[{"href":"https:\/\/pou-cakovec.hr\/en\/wp-json\/wp\/v2\/pages"}],"about":[{"href":"https:\/\/pou-cakovec.hr\/en\/wp-json\/wp\/v2\/types\/page"}],"author":[{"embeddable":true,"href":"https:\/\/pou-cakovec.hr\/en\/wp-json\/wp\/v2\/users\/3"}],"replies":[{"embeddable":true,"href":"https:\/\/pou-cakovec.hr\/en\/wp-json\/wp\/v2\/comments?post=8991"}],"version-history":[{"count":8,"href":"https:\/\/pou-cakovec.hr\/en\/wp-json\/wp\/v2\/pages\/8991\/revisions"}],"predecessor-version":[{"id":11710,"href":"https:\/\/pou-cakovec.hr\/en\/wp-json\/wp\/v2\/pages\/8991\/revisions\/11710"}],"up":[{"embeddable":true,"href":"https:\/\/pou-cakovec.hr\/en\/wp-json\/wp\/v2\/pages\/8932"}],"wp:featuredmedia":[{"embeddable":true,"href":"https:\/\/pou-cakovec.hr\/en\/wp-json\/wp\/v2\/media\/8747"}],"wp:attachment":[{"href":"https:\/\/pou-cakovec.hr\/en\/wp-json\/wp\/v2\/media?parent=8991"}],"wp:term":[{"taxonomy":"category","embeddable":true,"href":"https:\/\/pou-cakovec.hr\/en\/wp-json\/wp\/v2\/categories?post=8991"},{"taxonomy":"post_tag","embeddable":true,"href":"https:\/\/pou-cakovec.hr\/en\/wp-json\/wp\/v2\/tags?post=8991"}],"curies":[{"name":"wp","href":"https:\/\/api.w.org\/{rel}","templated":true}]}}