
{"id":8981,"date":"2023-09-03T19:09:07","date_gmt":"2023-09-03T17:09:07","guid":{"rendered":"https:\/\/pou-cakovec.hr\/?page_id=8981"},"modified":"2023-09-03T20:52:41","modified_gmt":"2023-09-03T18:52:41","slug":"pikac-uzivo","status":"publish","type":"page","link":"https:\/\/pou-cakovec.hr\/en\/projects\/esf\/pikac-uzivo\/","title":{"rendered":"Pika\u010d u\u017eivo"},"content":{"rendered":"[vc_row type=&#8221;full_width_content&#8221; full_screen_row_position=&#8221;middle&#8221; column_margin=&#8221;default&#8221; column_direction=&#8221;default&#8221; column_direction_tablet=&#8221;default&#8221; column_direction_phone=&#8221;default&#8221; bg_color=&#8221;#9bd6fd&#8221; scene_position=&#8221;center&#8221; top_padding=&#8221;5%&#8221; constrain_group_1=&#8221;yes&#8221; bottom_padding=&#8221;5%&#8221; text_color=&#8221;light&#8221; text_align=&#8221;left&#8221; row_border_radius=&#8221;none&#8221; row_border_radius_applies=&#8221;bg&#8221; overflow=&#8221;visible&#8221; overlay_strength=&#8221;0.3&#8243; gradient_direction=&#8221;left_to_right&#8221; shape_divider_position=&#8221;bottom&#8221; bg_image_animation=&#8221;none&#8221; gradient_type=&#8221;default&#8221; shape_type=&#8221;&#8221;][vc_column column_padding=&#8221;no-extra-padding&#8221; column_padding_tablet=&#8221;inherit&#8221; column_padding_phone=&#8221;inherit&#8221; column_padding_position=&#8221;all&#8221; column_element_direction_desktop=&#8221;default&#8221; column_element_spacing=&#8221;default&#8221; desktop_text_alignment=&#8221;default&#8221; tablet_text_alignment=&#8221;default&#8221; phone_text_alignment=&#8221;default&#8221; background_color_opacity=&#8221;1&#8243; background_hover_color_opacity=&#8221;1&#8243; column_backdrop_filter=&#8221;none&#8221; column_shadow=&#8221;none&#8221; column_border_radius=&#8221;none&#8221; column_link_target=&#8221;_self&#8221; column_position=&#8221;default&#8221; gradient_direction=&#8221;left_to_right&#8221; overlay_strength=&#8221;0.3&#8243; width=&#8221;1\/1&#8243; tablet_width_inherit=&#8221;default&#8221; animation_type=&#8221;default&#8221; bg_image_animation=&#8221;none&#8221; border_type=&#8221;simple&#8221; column_border_width=&#8221;none&#8221; column_border_style=&#8221;solid&#8221;][vc_row_inner column_margin=&#8221;default&#8221; column_direction=&#8221;default&#8221; column_direction_tablet=&#8221;default&#8221; column_direction_phone=&#8221;default&#8221; text_align=&#8221;left&#8221; row_position=&#8221;default&#8221; row_position_tablet=&#8221;inherit&#8221; row_position_phone=&#8221;inherit&#8221; overflow=&#8221;visible&#8221; pointer_events=&#8221;all&#8221;][vc_column_inner column_padding=&#8221;no-extra-padding&#8221; column_padding_tablet=&#8221;inherit&#8221; column_padding_phone=&#8221;inherit&#8221; column_padding_position=&#8221;all&#8221; column_element_direction_desktop=&#8221;default&#8221; column_element_spacing=&#8221;default&#8221; desktop_text_alignment=&#8221;default&#8221; tablet_text_alignment=&#8221;default&#8221; phone_text_alignment=&#8221;default&#8221; background_color_opacity=&#8221;1&#8243; background_hover_color_opacity=&#8221;1&#8243; column_backdrop_filter=&#8221;none&#8221; column_shadow=&#8221;none&#8221; column_border_radius=&#8221;none&#8221; column_link_target=&#8221;_self&#8221; overflow=&#8221;visible&#8221; gradient_direction=&#8221;left_to_right&#8221; overlay_strength=&#8221;0.3&#8243; width=&#8221;1\/4&#8243; tablet_width_inherit=&#8221;default&#8221; animation_type=&#8221;default&#8221; bg_image_animation=&#8221;none&#8221; border_type=&#8221;simple&#8221; column_border_width=&#8221;none&#8221; column_border_style=&#8221;solid&#8221; column_padding_type=&#8221;default&#8221; gradient_type=&#8221;default&#8221;][milestone heading_inherit=&#8221;h2&#8243; subject_padding=&#8221;2%&#8221; color=&#8221;Accent-Color&#8221; effect=&#8221;count&#8221; milestone_alignment=&#8221;default&#8221; number=&#8221;3&#8243; subject=&#8221;partners&#8221; number_font_size=&#8221;76&#8243;][\/vc_column_inner][vc_column_inner column_padding=&#8221;no-extra-padding&#8221; column_padding_tablet=&#8221;inherit&#8221; column_padding_phone=&#8221;inherit&#8221; column_padding_position=&#8221;all&#8221; column_element_direction_desktop=&#8221;default&#8221; column_element_spacing=&#8221;default&#8221; desktop_text_alignment=&#8221;default&#8221; tablet_text_alignment=&#8221;default&#8221; phone_text_alignment=&#8221;default&#8221; background_color_opacity=&#8221;1&#8243; background_hover_color_opacity=&#8221;1&#8243; column_backdrop_filter=&#8221;none&#8221; column_shadow=&#8221;none&#8221; column_border_radius=&#8221;none&#8221; column_link_target=&#8221;_self&#8221; overflow=&#8221;visible&#8221; gradient_direction=&#8221;left_to_right&#8221; overlay_strength=&#8221;0.3&#8243; width=&#8221;1\/4&#8243; tablet_width_inherit=&#8221;default&#8221; animation_type=&#8221;default&#8221; bg_image_animation=&#8221;none&#8221; border_type=&#8221;simple&#8221; column_border_width=&#8221;none&#8221; column_border_style=&#8221;solid&#8221; column_padding_type=&#8221;default&#8221; gradient_type=&#8221;default&#8221;][milestone heading_inherit=&#8221;h2&#8243; subject_padding=&#8221;2%&#8221; color=&#8221;Accent-Color&#8221; effect=&#8221;count&#8221; milestone_alignment=&#8221;default&#8221; number=&#8221;12&#8243; subject=&#8221;months&#8221; number_font_size=&#8221;76&#8243;][\/vc_column_inner][vc_column_inner column_padding=&#8221;no-extra-padding&#8221; column_padding_tablet=&#8221;inherit&#8221; column_padding_phone=&#8221;inherit&#8221; column_padding_position=&#8221;all&#8221; column_element_direction_desktop=&#8221;default&#8221; column_element_spacing=&#8221;default&#8221; desktop_text_alignment=&#8221;default&#8221; tablet_text_alignment=&#8221;default&#8221; phone_text_alignment=&#8221;default&#8221; background_color_opacity=&#8221;1&#8243; background_hover_color_opacity=&#8221;1&#8243; column_backdrop_filter=&#8221;none&#8221; column_shadow=&#8221;none&#8221; column_border_radius=&#8221;none&#8221; column_link_target=&#8221;_self&#8221; overflow=&#8221;visible&#8221; gradient_direction=&#8221;left_to_right&#8221; overlay_strength=&#8221;0.3&#8243; width=&#8221;1\/2&#8243; tablet_width_inherit=&#8221;default&#8221; animation_type=&#8221;default&#8221; bg_image_animation=&#8221;none&#8221; border_type=&#8221;simple&#8221; column_border_width=&#8221;none&#8221; column_border_style=&#8221;solid&#8221; column_padding_type=&#8221;default&#8221; gradient_type=&#8221;default&#8221;][milestone heading_inherit=&#8221;h2&#8243; symbol_position=&#8221;after&#8221; subject_padding=&#8221;2%&#8221; color=&#8221;Accent-Color&#8221; effect=&#8221;count&#8221; symbol_alignment=&#8221;Default&#8221; milestone_alignment=&#8221;default&#8221; number=&#8221;63729.03&#8243; subject=&#8221;project value&#8221; number_font_size=&#8221;76&#8243; symbol=&#8221;\u20ac&#8221;][\/vc_column_inner][\/vc_row_inner][\/vc_column][\/vc_row][vc_row type=&#8221;full_width_background&#8221; full_screen_row_position=&#8221;middle&#8221; column_margin=&#8221;default&#8221; column_direction=&#8221;default&#8221; column_direction_tablet=&#8221;default&#8221; column_direction_phone=&#8221;default&#8221; scene_position=&#8221;center&#8221; top_padding=&#8221;5%&#8221; bottom_margin=&#8221;5%&#8221; text_color=&#8221;dark&#8221; text_align=&#8221;left&#8221; row_border_radius=&#8221;none&#8221; row_border_radius_applies=&#8221;bg&#8221; overflow=&#8221;visible&#8221; overlay_strength=&#8221;0.3&#8243; gradient_direction=&#8221;left_to_right&#8221; shape_divider_position=&#8221;bottom&#8221; bg_image_animation=&#8221;none&#8221; shape_type=&#8221;&#8221; gradient_type=&#8221;default&#8221;][vc_column column_padding=&#8221;no-extra-padding&#8221; column_padding_tablet=&#8221;inherit&#8221; column_padding_phone=&#8221;inherit&#8221; column_padding_position=&#8221;all&#8221; column_element_direction_desktop=&#8221;default&#8221; column_element_spacing=&#8221;default&#8221; desktop_text_alignment=&#8221;default&#8221; tablet_text_alignment=&#8221;default&#8221; phone_text_alignment=&#8221;default&#8221; background_color_opacity=&#8221;1&#8243; background_hover_color_opacity=&#8221;1&#8243; column_backdrop_filter=&#8221;none&#8221; column_shadow=&#8221;none&#8221; column_border_radius=&#8221;none&#8221; column_link_target=&#8221;_self&#8221; column_position=&#8221;default&#8221; gradient_direction=&#8221;left_to_right&#8221; overlay_strength=&#8221;0.3&#8243; width=&#8221;1\/4&#8243; tablet_width_inherit=&#8221;default&#8221; animation_type=&#8221;default&#8221; bg_image_animation=&#8221;none&#8221; border_type=&#8221;simple&#8221; column_border_width=&#8221;none&#8221; column_border_style=&#8221;solid&#8221; offset=&#8221;vc_col-xs-6&#8243;][vc_column_text css=&#8221;.vc_custom_1693767062693{margin-bottom: 5px !important;}&#8221;]\n<h5>Title<\/h5>\n[\/vc_column_text][vc_column_text]Pika\u010d U\u017dIVO[\/vc_column_text][vc_column_text css=&#8221;.vc_custom_1693767071103{margin-top: 30px !important;margin-bottom: 5px !important;}&#8221;]\n<h5>Ref. number<\/h5>\n[\/vc_column_text][vc_column_text]UP.02.1.1.14.0063[\/vc_column_text][vc_column_text css=&#8221;.vc_custom_1693767076799{margin-bottom: 5px !important;}&#8221;]\n<h5>Call<\/h5>\n[\/vc_column_text][vc_column_text]Art and culture online[\/vc_column_text][vc_column_text css=&#8221;.vc_custom_1693767097781{margin-bottom: 5px !important;}&#8221;]\n<div class=\"wpb_text_column wpb_content_element vc_custom_1693766904533\">\n<div class=\"wpb_wrapper\">\n<div class=\"wpb_text_column wpb_content_element vc_custom_1693765996307\">\n<div class=\"wpb_wrapper\">\n<h5>Intermediary body level 1<\/h5>\n<\/div>\n<\/div>\n<\/div>\n<\/div>\n[\/vc_column_text]<div class=\"nectar-fancy-ul\" data-list-icon=\"none\" data-animation=\"false\" data-animation-delay=\"0\" data-color=\"accent-color\" data-spacing=\"default\" data-alignment=\"left\"> \n<ul>\n<li>Ministarstvo kulture i medija<\/li>\n<\/ul>\n <\/div>[vc_column_text css=&#8221;.vc_custom_1693767104141{margin-bottom: 5px !important;}&#8221;]\n<div class=\"wpb_text_column wpb_content_element vc_custom_1693766904533\">\n<div class=\"wpb_wrapper\">\n<div class=\"wpb_text_column wpb_content_element vc_custom_1693765996307\">\n<div class=\"wpb_wrapper\">\n<h5>Intermediary body level 2<\/h5>\n<\/div>\n<\/div>\n<\/div>\n<\/div>\n[\/vc_column_text]<div class=\"nectar-fancy-ul\" data-list-icon=\"none\" data-animation=\"false\" data-animation-delay=\"0\" data-color=\"accent-color\" data-spacing=\"default\" data-alignment=\"left\"> \n<ul>\n<li>Nacionalna zaklada za razvoj civilnoga dru\u0161tva<\/li>\n<\/ul>\n <\/div>[vc_column_text css=&#8221;.vc_custom_1693767111301{margin-bottom: 5px !important;}&#8221;]\n<h5>Links<\/h5>\n[\/vc_column_text][vc_column_text]n\/p[\/vc_column_text][\/vc_column][vc_column column_padding=&#8221;no-extra-padding&#8221; column_padding_tablet=&#8221;inherit&#8221; column_padding_phone=&#8221;inherit&#8221; column_padding_position=&#8221;all&#8221; column_element_direction_desktop=&#8221;default&#8221; column_element_spacing=&#8221;default&#8221; desktop_text_alignment=&#8221;default&#8221; tablet_text_alignment=&#8221;default&#8221; phone_text_alignment=&#8221;default&#8221; background_color_opacity=&#8221;1&#8243; background_hover_color_opacity=&#8221;1&#8243; column_backdrop_filter=&#8221;none&#8221; column_shadow=&#8221;none&#8221; column_border_radius=&#8221;none&#8221; column_link_target=&#8221;_self&#8221; column_position=&#8221;default&#8221; gradient_direction=&#8221;left_to_right&#8221; overlay_strength=&#8221;0.3&#8243; width=&#8221;1\/4&#8243; tablet_width_inherit=&#8221;default&#8221; animation_type=&#8221;default&#8221; bg_image_animation=&#8221;none&#8221; border_type=&#8221;simple&#8221; column_border_width=&#8221;none&#8221; column_border_style=&#8221;solid&#8221; offset=&#8221;vc_col-xs-6&#8243;][vc_column_text css=&#8221;.vc_custom_1693767120211{margin-bottom: 5px !important;}&#8221;]\n<h5>Project value<\/h5>\n[\/vc_column_text][vc_column_text]480,166.34kn[\/vc_column_text][vc_column_text css=&#8221;.vc_custom_1693767128139{margin-bottom: 5px !important;}&#8221;]\n<h5>Project duration<\/h5>\n[\/vc_column_text][vc_column_text]16.06.2021. &#8211; 16.06.2022.[\/vc_column_text][vc_column_text css=&#8221;.vc_custom_1693767136191{margin-bottom: 5px !important;}&#8221;]\n<h5>Lead partner<\/h5>\n[\/vc_column_text]<div class=\"nectar-fancy-ul\" data-list-icon=\"none\" data-animation=\"false\" data-animation-delay=\"0\" data-color=\"accent-color\" data-spacing=\"default\" data-alignment=\"left\"> \n<ul>\n<li>Udruga &#8220;Pika\u010d&#8221; Selnica<\/li>\n<\/ul>\n <\/div>[vc_column_text css=&#8221;.vc_custom_1693767141574{margin-top: 30px !important;margin-bottom: 5px !important;}&#8221;]\n<h5>Partners<\/h5>\n[\/vc_column_text]<div class=\"nectar-fancy-ul\" data-list-icon=\"none\" data-animation=\"false\" data-animation-delay=\"0\" data-color=\"accent-color\" data-spacing=\"default\" data-alignment=\"left\"> \n<ul>\n<li>Pu\u010dko otvoreno u\u010dili\u0161te \u010cakovec<\/li>\n<li>Grad \u010cakovec<\/li>\n<\/ul>\n <\/div>[\/vc_column][vc_column column_padding=&#8221;no-extra-padding&#8221; column_padding_tablet=&#8221;inherit&#8221; column_padding_phone=&#8221;inherit&#8221; column_padding_position=&#8221;all&#8221; column_element_direction_desktop=&#8221;default&#8221; column_element_spacing=&#8221;default&#8221; desktop_text_alignment=&#8221;default&#8221; tablet_text_alignment=&#8221;default&#8221; phone_text_alignment=&#8221;default&#8221; background_color_opacity=&#8221;1&#8243; background_hover_color_opacity=&#8221;1&#8243; column_backdrop_filter=&#8221;none&#8221; column_shadow=&#8221;none&#8221; column_border_radius=&#8221;none&#8221; column_link_target=&#8221;_self&#8221; column_position=&#8221;default&#8221; gradient_direction=&#8221;left_to_right&#8221; overlay_strength=&#8221;0.3&#8243; width=&#8221;1\/2&#8243; tablet_width_inherit=&#8221;default&#8221; animation_type=&#8221;default&#8221; bg_image_animation=&#8221;none&#8221; border_type=&#8221;simple&#8221; column_border_width=&#8221;none&#8221; column_border_style=&#8221;solid&#8221; offset=&#8221;vc_col-xs-12&#8243;][vc_column_text]\n<h2>About<\/h2>\n[\/vc_column_text][vc_column_text css=&#8221;.vc_custom_1693767159550{margin-top: 50px !important;}&#8221;]This project increases the social inclusion of 40 members of the target group under the age of 25 &#8211; 3rd grade students of the 1st Elementary School \u010cakovec and 10 members of the target group over 54 &#8211; residents of the home for the elderly and infirm &#8220;\u0160\u010davni\u010dar&#8221; in Selnica. Through the implementation of online participative cultural and artistic workshops with the theme of the intangible cultural heritage of northwestern Croatia, the target groups will develop social and creative skills and knowledge that contribute to social inclusion, and their access to cultural and artistic content and activities will be improved.[\/vc_column_text][\/vc_column][\/vc_row]\n","protected":false},"excerpt":{"rendered":"<p>[vc_row type=&#8221;full_width_content&#8221; full_screen_row_position=&#8221;middle&#8221; column_margin=&#8221;default&#8221; column_direction=&#8221;default&#8221; column_direction_tablet=&#8221;default&#8221; column_direction_phone=&#8221;default&#8221; bg_color=&#8221;#9bd6fd&#8221; scene_position=&#8221;center&#8221; top_padding=&#8221;5%&#8221; constrain_group_1=&#8221;yes&#8221; bottom_padding=&#8221;5%&#8221; text_color=&#8221;light&#8221; text_align=&#8221;left&#8221; row_border_radius=&#8221;none&#8221; row_border_radius_applies=&#8221;bg&#8221; overflow=&#8221;visible&#8221; overlay_strength=&#8221;0.3&#8243; gradient_direction=&#8221;left_to_right&#8221; shape_divider_position=&#8221;bottom&#8221; bg_image_animation=&#8221;none&#8221; gradient_type=&#8221;default&#8221; shape_type=&#8221;&#8221;][vc_column column_padding=&#8221;no-extra-padding&#8221; column_padding_tablet=&#8221;inherit&#8221; column_padding_phone=&#8221;inherit&#8221; column_padding_position=&#8221;all&#8221; column_element_direction_desktop=&#8221;default&#8221; column_element_spacing=&#8221;default&#8221; desktop_text_alignment=&#8221;default&#8221;&#8230;<\/p>\n","protected":false},"author":3,"featured_media":8778,"parent":8972,"menu_order":0,"comment_status":"closed","ping_status":"closed","template":"","meta":{"footnotes":""},"categories":[283],"tags":[],"class_list":{"0":"post-8981","1":"page","2":"type-page","3":"status-publish","4":"has-post-thumbnail","6":"category-sites-esf"},"yoast_head":"<!-- This site is optimized with the Yoast SEO plugin v27.4 - https:\/\/yoast.com\/product\/yoast-seo-wordpress\/ -->\n<title>Pika\u010d u\u017eivo - POU \u010cakovec<\/title>\n<meta name=\"robots\" content=\"index, follow, max-snippet:-1, max-image-preview:large, max-video-preview:-1\" \/>\n<link rel=\"canonical\" href=\"https:\/\/pou-cakovec.hr\/en\/projects\/esf\/pikac-uzivo\/\" \/>\n<meta property=\"og:locale\" content=\"en_US\" \/>\n<meta property=\"og:type\" content=\"article\" \/>\n<meta property=\"og:title\" content=\"Pika\u010d u\u017eivo - POU \u010cakovec\" \/>\n<meta property=\"og:description\" content=\"[vc_row type=&#8221;full_width_content&#8221; full_screen_row_position=&#8221;middle&#8221; column_margin=&#8221;default&#8221; column_direction=&#8221;default&#8221; column_direction_tablet=&#8221;default&#8221; column_direction_phone=&#8221;default&#8221; bg_color=&#8221;#9bd6fd&#8221; scene_position=&#8221;center&#8221; top_padding=&#8221;5%&#8221; constrain_group_1=&#8221;yes&#8221; bottom_padding=&#8221;5%&#8221; text_color=&#8221;light&#8221; text_align=&#8221;left&#8221; row_border_radius=&#8221;none&#8221; row_border_radius_applies=&#8221;bg&#8221; overflow=&#8221;visible&#8221; overlay_strength=&#8221;0.3&#8243; gradient_direction=&#8221;left_to_right&#8221; shape_divider_position=&#8221;bottom&#8221; bg_image_animation=&#8221;none&#8221; gradient_type=&#8221;default&#8221; shape_type=&#8221;&#8221;][vc_column column_padding=&#8221;no-extra-padding&#8221; column_padding_tablet=&#8221;inherit&#8221; column_padding_phone=&#8221;inherit&#8221; column_padding_position=&#8221;all&#8221; column_element_direction_desktop=&#8221;default&#8221; column_element_spacing=&#8221;default&#8221; desktop_text_alignment=&#8221;default&#8221;...\" \/>\n<meta property=\"og:url\" content=\"https:\/\/pou-cakovec.hr\/en\/projects\/esf\/pikac-uzivo\/\" \/>\n<meta property=\"og:site_name\" content=\"POU \u010cakovec\" \/>\n<meta property=\"article:modified_time\" content=\"2023-09-03T18:52:41+00:00\" \/>\n<meta property=\"og:image\" content=\"https:\/\/pou-cakovec.hr\/wp-content\/uploads\/Pikac-uzivo.jpg\" \/>\n\t<meta property=\"og:image:width\" content=\"1600\" \/>\n\t<meta property=\"og:image:height\" content=\"1200\" \/>\n\t<meta property=\"og:image:type\" content=\"image\/jpeg\" \/>\n<meta name=\"twitter:card\" content=\"summary_large_image\" \/>\n<meta name=\"twitter:label1\" content=\"Est. reading time\" \/>\n\t<meta name=\"twitter:data1\" content=\"3 minutes\" \/>\n<script type=\"application\/ld+json\" class=\"yoast-schema-graph\">{\"@context\":\"https:\\\/\\\/schema.org\",\"@graph\":[{\"@type\":\"WebPage\",\"@id\":\"https:\\\/\\\/pou-cakovec.hr\\\/en\\\/projects\\\/esf\\\/pikac-uzivo\\\/\",\"url\":\"https:\\\/\\\/pou-cakovec.hr\\\/en\\\/projects\\\/esf\\\/pikac-uzivo\\\/\",\"name\":\"Pika\u010d u\u017eivo - POU \u010cakovec\",\"isPartOf\":{\"@id\":\"https:\\\/\\\/pou-cakovec.hr\\\/#website\"},\"primaryImageOfPage\":{\"@id\":\"https:\\\/\\\/pou-cakovec.hr\\\/en\\\/projects\\\/esf\\\/pikac-uzivo\\\/#primaryimage\"},\"image\":{\"@id\":\"https:\\\/\\\/pou-cakovec.hr\\\/en\\\/projects\\\/esf\\\/pikac-uzivo\\\/#primaryimage\"},\"thumbnailUrl\":\"https:\\\/\\\/pou-cakovec.hr\\\/wp-content\\\/uploads\\\/Pikac-uzivo.jpg\",\"datePublished\":\"2023-09-03T17:09:07+00:00\",\"dateModified\":\"2023-09-03T18:52:41+00:00\",\"breadcrumb\":{\"@id\":\"https:\\\/\\\/pou-cakovec.hr\\\/en\\\/projects\\\/esf\\\/pikac-uzivo\\\/#breadcrumb\"},\"inLanguage\":\"en-US\",\"potentialAction\":[{\"@type\":\"ReadAction\",\"target\":[\"https:\\\/\\\/pou-cakovec.hr\\\/en\\\/projects\\\/esf\\\/pikac-uzivo\\\/\"]}]},{\"@type\":\"ImageObject\",\"inLanguage\":\"en-US\",\"@id\":\"https:\\\/\\\/pou-cakovec.hr\\\/en\\\/projects\\\/esf\\\/pikac-uzivo\\\/#primaryimage\",\"url\":\"https:\\\/\\\/pou-cakovec.hr\\\/wp-content\\\/uploads\\\/Pikac-uzivo.jpg\",\"contentUrl\":\"https:\\\/\\\/pou-cakovec.hr\\\/wp-content\\\/uploads\\\/Pikac-uzivo.jpg\",\"width\":1600,\"height\":1200},{\"@type\":\"BreadcrumbList\",\"@id\":\"https:\\\/\\\/pou-cakovec.hr\\\/en\\\/projects\\\/esf\\\/pikac-uzivo\\\/#breadcrumb\",\"itemListElement\":[{\"@type\":\"ListItem\",\"position\":1,\"name\":\"Home\",\"item\":\"https:\\\/\\\/pou-cakovec.hr\\\/en\\\/\"},{\"@type\":\"ListItem\",\"position\":2,\"name\":\"Projects\",\"item\":\"https:\\\/\\\/pou-cakovec.hr\\\/en\\\/projects\\\/\"},{\"@type\":\"ListItem\",\"position\":3,\"name\":\"European Social Fund\",\"item\":\"https:\\\/\\\/pou-cakovec.hr\\\/en\\\/projects\\\/esf\\\/\"},{\"@type\":\"ListItem\",\"position\":4,\"name\":\"Pika\u010d u\u017eivo\"}]},{\"@type\":\"WebSite\",\"@id\":\"https:\\\/\\\/pou-cakovec.hr\\\/#website\",\"url\":\"https:\\\/\\\/pou-cakovec.hr\\\/\",\"name\":\"POU \u010cakovec\",\"description\":\"Cjelo\u017eivotna znanja vrijedna \u0161irenja!\",\"potentialAction\":[{\"@type\":\"SearchAction\",\"target\":{\"@type\":\"EntryPoint\",\"urlTemplate\":\"https:\\\/\\\/pou-cakovec.hr\\\/?s={search_term_string}\"},\"query-input\":{\"@type\":\"PropertyValueSpecification\",\"valueRequired\":true,\"valueName\":\"search_term_string\"}}],\"inLanguage\":\"en-US\"}]}<\/script>\n<!-- \/ Yoast SEO plugin. -->","yoast_head_json":{"title":"Pika\u010d u\u017eivo - POU \u010cakovec","robots":{"index":"index","follow":"follow","max-snippet":"max-snippet:-1","max-image-preview":"max-image-preview:large","max-video-preview":"max-video-preview:-1"},"canonical":"https:\/\/pou-cakovec.hr\/en\/projects\/esf\/pikac-uzivo\/","og_locale":"en_US","og_type":"article","og_title":"Pika\u010d u\u017eivo - POU \u010cakovec","og_description":"[vc_row type=&#8221;full_width_content&#8221; full_screen_row_position=&#8221;middle&#8221; column_margin=&#8221;default&#8221; column_direction=&#8221;default&#8221; column_direction_tablet=&#8221;default&#8221; column_direction_phone=&#8221;default&#8221; bg_color=&#8221;#9bd6fd&#8221; scene_position=&#8221;center&#8221; top_padding=&#8221;5%&#8221; constrain_group_1=&#8221;yes&#8221; bottom_padding=&#8221;5%&#8221; text_color=&#8221;light&#8221; text_align=&#8221;left&#8221; row_border_radius=&#8221;none&#8221; row_border_radius_applies=&#8221;bg&#8221; overflow=&#8221;visible&#8221; overlay_strength=&#8221;0.3&#8243; gradient_direction=&#8221;left_to_right&#8221; shape_divider_position=&#8221;bottom&#8221; bg_image_animation=&#8221;none&#8221; gradient_type=&#8221;default&#8221; shape_type=&#8221;&#8221;][vc_column column_padding=&#8221;no-extra-padding&#8221; column_padding_tablet=&#8221;inherit&#8221; column_padding_phone=&#8221;inherit&#8221; column_padding_position=&#8221;all&#8221; column_element_direction_desktop=&#8221;default&#8221; column_element_spacing=&#8221;default&#8221; desktop_text_alignment=&#8221;default&#8221;...","og_url":"https:\/\/pou-cakovec.hr\/en\/projects\/esf\/pikac-uzivo\/","og_site_name":"POU \u010cakovec","article_modified_time":"2023-09-03T18:52:41+00:00","og_image":[{"width":1600,"height":1200,"url":"https:\/\/pou-cakovec.hr\/wp-content\/uploads\/Pikac-uzivo.jpg","type":"image\/jpeg"}],"twitter_card":"summary_large_image","twitter_misc":{"Est. reading time":"3 minutes"},"schema":{"@context":"https:\/\/schema.org","@graph":[{"@type":"WebPage","@id":"https:\/\/pou-cakovec.hr\/en\/projects\/esf\/pikac-uzivo\/","url":"https:\/\/pou-cakovec.hr\/en\/projects\/esf\/pikac-uzivo\/","name":"Pika\u010d u\u017eivo - POU \u010cakovec","isPartOf":{"@id":"https:\/\/pou-cakovec.hr\/#website"},"primaryImageOfPage":{"@id":"https:\/\/pou-cakovec.hr\/en\/projects\/esf\/pikac-uzivo\/#primaryimage"},"image":{"@id":"https:\/\/pou-cakovec.hr\/en\/projects\/esf\/pikac-uzivo\/#primaryimage"},"thumbnailUrl":"https:\/\/pou-cakovec.hr\/wp-content\/uploads\/Pikac-uzivo.jpg","datePublished":"2023-09-03T17:09:07+00:00","dateModified":"2023-09-03T18:52:41+00:00","breadcrumb":{"@id":"https:\/\/pou-cakovec.hr\/en\/projects\/esf\/pikac-uzivo\/#breadcrumb"},"inLanguage":"en-US","potentialAction":[{"@type":"ReadAction","target":["https:\/\/pou-cakovec.hr\/en\/projects\/esf\/pikac-uzivo\/"]}]},{"@type":"ImageObject","inLanguage":"en-US","@id":"https:\/\/pou-cakovec.hr\/en\/projects\/esf\/pikac-uzivo\/#primaryimage","url":"https:\/\/pou-cakovec.hr\/wp-content\/uploads\/Pikac-uzivo.jpg","contentUrl":"https:\/\/pou-cakovec.hr\/wp-content\/uploads\/Pikac-uzivo.jpg","width":1600,"height":1200},{"@type":"BreadcrumbList","@id":"https:\/\/pou-cakovec.hr\/en\/projects\/esf\/pikac-uzivo\/#breadcrumb","itemListElement":[{"@type":"ListItem","position":1,"name":"Home","item":"https:\/\/pou-cakovec.hr\/en\/"},{"@type":"ListItem","position":2,"name":"Projects","item":"https:\/\/pou-cakovec.hr\/en\/projects\/"},{"@type":"ListItem","position":3,"name":"European Social Fund","item":"https:\/\/pou-cakovec.hr\/en\/projects\/esf\/"},{"@type":"ListItem","position":4,"name":"Pika\u010d u\u017eivo"}]},{"@type":"WebSite","@id":"https:\/\/pou-cakovec.hr\/#website","url":"https:\/\/pou-cakovec.hr\/","name":"POU \u010cakovec","description":"Cjelo\u017eivotna znanja vrijedna \u0161irenja!","potentialAction":[{"@type":"SearchAction","target":{"@type":"EntryPoint","urlTemplate":"https:\/\/pou-cakovec.hr\/?s={search_term_string}"},"query-input":{"@type":"PropertyValueSpecification","valueRequired":true,"valueName":"search_term_string"}}],"inLanguage":"en-US"}]}},"_links":{"self":[{"href":"https:\/\/pou-cakovec.hr\/en\/wp-json\/wp\/v2\/pages\/8981","targetHints":{"allow":["GET"]}}],"collection":[{"href":"https:\/\/pou-cakovec.hr\/en\/wp-json\/wp\/v2\/pages"}],"about":[{"href":"https:\/\/pou-cakovec.hr\/en\/wp-json\/wp\/v2\/types\/page"}],"author":[{"embeddable":true,"href":"https:\/\/pou-cakovec.hr\/en\/wp-json\/wp\/v2\/users\/3"}],"replies":[{"embeddable":true,"href":"https:\/\/pou-cakovec.hr\/en\/wp-json\/wp\/v2\/comments?post=8981"}],"version-history":[{"count":3,"href":"https:\/\/pou-cakovec.hr\/en\/wp-json\/wp\/v2\/pages\/8981\/revisions"}],"predecessor-version":[{"id":9090,"href":"https:\/\/pou-cakovec.hr\/en\/wp-json\/wp\/v2\/pages\/8981\/revisions\/9090"}],"up":[{"embeddable":true,"href":"https:\/\/pou-cakovec.hr\/en\/wp-json\/wp\/v2\/pages\/8972"}],"wp:featuredmedia":[{"embeddable":true,"href":"https:\/\/pou-cakovec.hr\/en\/wp-json\/wp\/v2\/media\/8778"}],"wp:attachment":[{"href":"https:\/\/pou-cakovec.hr\/en\/wp-json\/wp\/v2\/media?parent=8981"}],"wp:term":[{"taxonomy":"category","embeddable":true,"href":"https:\/\/pou-cakovec.hr\/en\/wp-json\/wp\/v2\/categories?post=8981"},{"taxonomy":"post_tag","embeddable":true,"href":"https:\/\/pou-cakovec.hr\/en\/wp-json\/wp\/v2\/tags?post=8981"}],"curies":[{"name":"wp","href":"https:\/\/api.w.org\/{rel}","templated":true}]}}