
{"id":10207,"date":"2023-11-10T13:28:10","date_gmt":"2023-11-10T11:28:10","guid":{"rendered":"https:\/\/pou-cakovec.hr\/?page_id=10207"},"modified":"2023-11-10T13:37:10","modified_gmt":"2023-11-10T11:37:10","slug":"accessibility-statement","status":"publish","type":"page","link":"https:\/\/pou-cakovec.hr\/en\/about-us\/accessibility-statement\/","title":{"rendered":"Accessibility statement"},"content":{"rendered":"[vc_row type=&#8221;in_container&#8221; full_screen_row_position=&#8221;middle&#8221; column_margin=&#8221;default&#8221; column_direction=&#8221;default&#8221; column_direction_tablet=&#8221;default&#8221; column_direction_phone=&#8221;default&#8221; scene_position=&#8221;center&#8221; text_color=&#8221;dark&#8221; text_align=&#8221;left&#8221; row_border_radius=&#8221;none&#8221; row_border_radius_applies=&#8221;bg&#8221; overflow=&#8221;visible&#8221; overlay_strength=&#8221;0.3&#8243; gradient_direction=&#8221;left_to_right&#8221; shape_divider_position=&#8221;bottom&#8221; bg_image_animation=&#8221;none&#8221;][vc_column column_padding=&#8221;no-extra-padding&#8221; column_padding_tablet=&#8221;inherit&#8221; column_padding_phone=&#8221;inherit&#8221; column_padding_position=&#8221;all&#8221; column_element_direction_desktop=&#8221;default&#8221; column_element_spacing=&#8221;default&#8221; desktop_text_alignment=&#8221;default&#8221; tablet_text_alignment=&#8221;default&#8221; phone_text_alignment=&#8221;default&#8221; background_color_opacity=&#8221;1&#8243; background_hover_color_opacity=&#8221;1&#8243; column_backdrop_filter=&#8221;none&#8221; column_shadow=&#8221;none&#8221; column_border_radius=&#8221;none&#8221; column_link_target=&#8221;_self&#8221; column_position=&#8221;default&#8221; gradient_direction=&#8221;left_to_right&#8221; overlay_strength=&#8221;0.3&#8243; width=&#8221;1\/1&#8243; tablet_width_inherit=&#8221;default&#8221; animation_type=&#8221;default&#8221; bg_image_animation=&#8221;none&#8221; border_type=&#8221;simple&#8221; column_border_width=&#8221;none&#8221; column_border_style=&#8221;solid&#8221;][vc_column_text]\n<h1>Accessibility Statement<\/h1>\n[\/vc_column_text][vc_column_text]Public Open University \u010cakovec strives to make its websites accessible in accordance with the Act on Accessibility of Websites and Software Solutions for Mobile Devices of Public Sector Bodies of the Republic of Croatia (&#8220;Narodne novine&#8221;, number 17\/19; hereinafter: the Act) which transposes the Directive (EU) 2016\/2102 of the European Parliament and of the Council of 26 October 2016 on the accessibility of websites and mobile applications of public sector bodies (OJ L 327, 2.12.2016).<br \/>\nThis Accessibility Statement applies to the online headquarters of the People&#8217;s Open University \u010cakovec, which is located at https:\/\/www.pou-cakovec.hr\/, including all subdomains of the pages that are published as part of it.<\/p>\n<p><strong>Degree of compliance<\/strong><br \/>\nThe online headquarters https:\/\/www.pou-cakovec.hr\/ is partially aligned with the Law on Accessibility of Websites and Software Solutions for Mobile Devices of Public Sector Bodies of the Republic of Croatia due to the inconsistencies listed below.<\/p>\n<p><strong>Inaccessible content<\/strong><br \/>\nThe content listed below is inaccessible for the following reasons:<\/p>\n<ul>\n<li>the images on the front page do not have a suitable description;<\/li>\n<li>individual links on the home page are not highlighted, so the user does not immediately recognize that they are links;<\/li>\n<li>individual links do not have a suitable description;<\/li>\n<li>part of the posted documents is not available in machine-readable form;<\/li>\n<li>part of the text does not have a good contrast of the text, text frames and images compared to the background pages;<\/li>\n<\/ul>\n<p><strong>Raising the level of accessibility<\/strong><br \/>\nPublic Open University \u010cakovec undertakes activities that will strive to achieve compliance with the Law on Accessibility of Websites and Software Solutions for Mobile Devices of Public Sector Bodies of the Republic of Croatia.<\/p>\n<p><strong>Disproportionate load<\/strong><br \/>\nFor all the non-compliances mentioned under points 1 to 5, the Public Open University \u010cakovec temporarily invokes an exception due to disproportionate burden in the sense of Article 8 of the Act. In accordance with Article 3 of the Act, PDF files that were published before September 23, 2018 are qualified by the \u010cakovec Public Open University as archives and are exempt from the application of the Act.<\/p>\n<p><strong>Technical limitations<\/strong><br \/>\nThe technical limitations of the current system architecture make it impossible to achieve full compliance of the \u010cakovec People&#8217;s Open University website with the Accessibility Act, which is reflected in the difficult movement of people with disabilities through the website due to the complexity of pages and subpages, in the limited number of possible search methods and complex procedures for entering materials.<\/p>\n<p><strong>Preparation of this accessibility statement<\/strong><br \/>\nThis statement was drawn up on July 1, 2020, according to the Accessibility Statement Template, which is in accordance with Directive (EU) 2016\/2102 of the European Parliament and of the Council on the accessibility of websites and mobile applications of public sector bodies, and was determined by the Commission&#8217;s Implementing Decision ( EU) 2018\/1523.<br \/>\nThe statement was last reviewed on July 1, 2020. The Public Open University \u010cakovec will regularly revise this statement after removing the reasons why certain contents were inaccessible.<br \/>\nFeedback and contact information<br \/>\nWe ask users of the \u010cakovec People&#8217;s Open University website to notify:<br \/>\nInformation Officer: Darja Spahija<br \/>\ntel. +385 40 \/ 395 &#8211; 236<br \/>\ne-mail: info@pou-cakovec.hr<br \/>\nby mail: Public Open University \u010cakovec, Kralja Tomislava 52, 40000 \u010cakovec<\/p>\n<p><strong>Procedure for monitoring the implementation of regulations<\/strong><br \/>\nThe Information Commissioner of the Republic of Croatia is the authority responsible for monitoring the compliance of websites and software solutions for mobile devices of public sector bodies with accessibility requirements, as well as for monitoring the implementation of the Act.<br \/>\nIn case of unsatisfactory responses to the notification or request for feedback on the accessibility of these websites, users can contact the Commissioner for Information via e-mail: pristupacnost@pristupinfo.hr.[\/vc_column_text][\/vc_column][\/vc_row]\n","protected":false},"excerpt":{"rendered":"<p>[vc_row type=&#8221;in_container&#8221; full_screen_row_position=&#8221;middle&#8221; column_margin=&#8221;default&#8221; column_direction=&#8221;default&#8221; column_direction_tablet=&#8221;default&#8221; column_direction_phone=&#8221;default&#8221; scene_position=&#8221;center&#8221; text_color=&#8221;dark&#8221; text_align=&#8221;left&#8221; row_border_radius=&#8221;none&#8221; row_border_radius_applies=&#8221;bg&#8221; overflow=&#8221;visible&#8221; overlay_strength=&#8221;0.3&#8243; gradient_direction=&#8221;left_to_right&#8221; shape_divider_position=&#8221;bottom&#8221; bg_image_animation=&#8221;none&#8221;][vc_column column_padding=&#8221;no-extra-padding&#8221; column_padding_tablet=&#8221;inherit&#8221; column_padding_phone=&#8221;inherit&#8221; column_padding_position=&#8221;all&#8221; column_element_direction_desktop=&#8221;default&#8221; column_element_spacing=&#8221;default&#8221; desktop_text_alignment=&#8221;default&#8221; tablet_text_alignment=&#8221;default&#8221; phone_text_alignment=&#8221;default&#8221; background_color_opacity=&#8221;1&#8243; background_hover_color_opacity=&#8221;1&#8243; column_backdrop_filter=&#8221;none&#8221; column_shadow=&#8221;none&#8221;&#8230;<\/p>\n","protected":false},"author":3,"featured_media":8460,"parent":3638,"menu_order":0,"comment_status":"closed","ping_status":"closed","template":"","meta":{"footnotes":""},"categories":[],"tags":[],"class_list":["post-10207","page","type-page","status-publish","has-post-thumbnail"],"yoast_head":"<!-- This site is optimized with the Yoast SEO plugin v27.4 - https:\/\/yoast.com\/product\/yoast-seo-wordpress\/ -->\n<title>Accessibility statement - POU \u010cakovec<\/title>\n<meta name=\"robots\" content=\"index, follow, max-snippet:-1, max-image-preview:large, max-video-preview:-1\" \/>\n<link rel=\"canonical\" href=\"https:\/\/pou-cakovec.hr\/en\/about-us\/accessibility-statement\/\" \/>\n<meta property=\"og:locale\" content=\"en_US\" \/>\n<meta property=\"og:type\" content=\"article\" \/>\n<meta property=\"og:title\" content=\"Accessibility statement - POU \u010cakovec\" \/>\n<meta property=\"og:description\" content=\"[vc_row type=&#8221;in_container&#8221; full_screen_row_position=&#8221;middle&#8221; column_margin=&#8221;default&#8221; column_direction=&#8221;default&#8221; column_direction_tablet=&#8221;default&#8221; column_direction_phone=&#8221;default&#8221; scene_position=&#8221;center&#8221; text_color=&#8221;dark&#8221; text_align=&#8221;left&#8221; row_border_radius=&#8221;none&#8221; row_border_radius_applies=&#8221;bg&#8221; overflow=&#8221;visible&#8221; overlay_strength=&#8221;0.3&#8243; gradient_direction=&#8221;left_to_right&#8221; shape_divider_position=&#8221;bottom&#8221; bg_image_animation=&#8221;none&#8221;][vc_column column_padding=&#8221;no-extra-padding&#8221; column_padding_tablet=&#8221;inherit&#8221; column_padding_phone=&#8221;inherit&#8221; column_padding_position=&#8221;all&#8221; column_element_direction_desktop=&#8221;default&#8221; column_element_spacing=&#8221;default&#8221; desktop_text_alignment=&#8221;default&#8221; tablet_text_alignment=&#8221;default&#8221; phone_text_alignment=&#8221;default&#8221; background_color_opacity=&#8221;1&#8243; background_hover_color_opacity=&#8221;1&#8243; column_backdrop_filter=&#8221;none&#8221; column_shadow=&#8221;none&#8221;...\" \/>\n<meta property=\"og:url\" content=\"https:\/\/pou-cakovec.hr\/en\/about-us\/accessibility-statement\/\" \/>\n<meta property=\"og:site_name\" content=\"POU \u010cakovec\" \/>\n<meta property=\"article:modified_time\" content=\"2023-11-10T11:37:10+00:00\" \/>\n<meta property=\"og:image\" content=\"https:\/\/pou-cakovec.hr\/wp-content\/uploads\/featured.png\" \/>\n\t<meta property=\"og:image:width\" content=\"3300\" \/>\n\t<meta property=\"og:image:height\" content=\"1759\" \/>\n\t<meta property=\"og:image:type\" content=\"image\/png\" \/>\n<meta name=\"twitter:card\" content=\"summary_large_image\" \/>\n<meta name=\"twitter:label1\" content=\"Est. reading time\" \/>\n\t<meta name=\"twitter:data1\" content=\"4 minutes\" \/>\n<script type=\"application\/ld+json\" class=\"yoast-schema-graph\">{\"@context\":\"https:\\\/\\\/schema.org\",\"@graph\":[{\"@type\":\"WebPage\",\"@id\":\"https:\\\/\\\/pou-cakovec.hr\\\/en\\\/about-us\\\/accessibility-statement\\\/\",\"url\":\"https:\\\/\\\/pou-cakovec.hr\\\/en\\\/about-us\\\/accessibility-statement\\\/\",\"name\":\"Accessibility statement - POU \u010cakovec\",\"isPartOf\":{\"@id\":\"https:\\\/\\\/pou-cakovec.hr\\\/#website\"},\"primaryImageOfPage\":{\"@id\":\"https:\\\/\\\/pou-cakovec.hr\\\/en\\\/about-us\\\/accessibility-statement\\\/#primaryimage\"},\"image\":{\"@id\":\"https:\\\/\\\/pou-cakovec.hr\\\/en\\\/about-us\\\/accessibility-statement\\\/#primaryimage\"},\"thumbnailUrl\":\"https:\\\/\\\/pou-cakovec.hr\\\/wp-content\\\/uploads\\\/featured.png\",\"datePublished\":\"2023-11-10T11:28:10+00:00\",\"dateModified\":\"2023-11-10T11:37:10+00:00\",\"breadcrumb\":{\"@id\":\"https:\\\/\\\/pou-cakovec.hr\\\/en\\\/about-us\\\/accessibility-statement\\\/#breadcrumb\"},\"inLanguage\":\"en-US\",\"potentialAction\":[{\"@type\":\"ReadAction\",\"target\":[\"https:\\\/\\\/pou-cakovec.hr\\\/en\\\/about-us\\\/accessibility-statement\\\/\"]}]},{\"@type\":\"ImageObject\",\"inLanguage\":\"en-US\",\"@id\":\"https:\\\/\\\/pou-cakovec.hr\\\/en\\\/about-us\\\/accessibility-statement\\\/#primaryimage\",\"url\":\"https:\\\/\\\/pou-cakovec.hr\\\/wp-content\\\/uploads\\\/featured.png\",\"contentUrl\":\"https:\\\/\\\/pou-cakovec.hr\\\/wp-content\\\/uploads\\\/featured.png\",\"width\":3300,\"height\":1759},{\"@type\":\"BreadcrumbList\",\"@id\":\"https:\\\/\\\/pou-cakovec.hr\\\/en\\\/about-us\\\/accessibility-statement\\\/#breadcrumb\",\"itemListElement\":[{\"@type\":\"ListItem\",\"position\":1,\"name\":\"Home\",\"item\":\"https:\\\/\\\/pou-cakovec.hr\\\/en\\\/\"},{\"@type\":\"ListItem\",\"position\":2,\"name\":\"About Us\",\"item\":\"https:\\\/\\\/pou-cakovec.hr\\\/en\\\/about-us\\\/\"},{\"@type\":\"ListItem\",\"position\":3,\"name\":\"Accessibility statement\"}]},{\"@type\":\"WebSite\",\"@id\":\"https:\\\/\\\/pou-cakovec.hr\\\/#website\",\"url\":\"https:\\\/\\\/pou-cakovec.hr\\\/\",\"name\":\"POU \u010cakovec\",\"description\":\"Cjelo\u017eivotna znanja vrijedna \u0161irenja!\",\"potentialAction\":[{\"@type\":\"SearchAction\",\"target\":{\"@type\":\"EntryPoint\",\"urlTemplate\":\"https:\\\/\\\/pou-cakovec.hr\\\/?s={search_term_string}\"},\"query-input\":{\"@type\":\"PropertyValueSpecification\",\"valueRequired\":true,\"valueName\":\"search_term_string\"}}],\"inLanguage\":\"en-US\"}]}<\/script>\n<!-- \/ Yoast SEO plugin. -->","yoast_head_json":{"title":"Accessibility statement - POU \u010cakovec","robots":{"index":"index","follow":"follow","max-snippet":"max-snippet:-1","max-image-preview":"max-image-preview:large","max-video-preview":"max-video-preview:-1"},"canonical":"https:\/\/pou-cakovec.hr\/en\/about-us\/accessibility-statement\/","og_locale":"en_US","og_type":"article","og_title":"Accessibility statement - POU \u010cakovec","og_description":"[vc_row type=&#8221;in_container&#8221; full_screen_row_position=&#8221;middle&#8221; column_margin=&#8221;default&#8221; column_direction=&#8221;default&#8221; column_direction_tablet=&#8221;default&#8221; column_direction_phone=&#8221;default&#8221; scene_position=&#8221;center&#8221; text_color=&#8221;dark&#8221; text_align=&#8221;left&#8221; row_border_radius=&#8221;none&#8221; row_border_radius_applies=&#8221;bg&#8221; overflow=&#8221;visible&#8221; overlay_strength=&#8221;0.3&#8243; gradient_direction=&#8221;left_to_right&#8221; shape_divider_position=&#8221;bottom&#8221; bg_image_animation=&#8221;none&#8221;][vc_column column_padding=&#8221;no-extra-padding&#8221; column_padding_tablet=&#8221;inherit&#8221; column_padding_phone=&#8221;inherit&#8221; column_padding_position=&#8221;all&#8221; column_element_direction_desktop=&#8221;default&#8221; column_element_spacing=&#8221;default&#8221; desktop_text_alignment=&#8221;default&#8221; tablet_text_alignment=&#8221;default&#8221; phone_text_alignment=&#8221;default&#8221; background_color_opacity=&#8221;1&#8243; background_hover_color_opacity=&#8221;1&#8243; column_backdrop_filter=&#8221;none&#8221; column_shadow=&#8221;none&#8221;...","og_url":"https:\/\/pou-cakovec.hr\/en\/about-us\/accessibility-statement\/","og_site_name":"POU \u010cakovec","article_modified_time":"2023-11-10T11:37:10+00:00","og_image":[{"width":3300,"height":1759,"url":"https:\/\/pou-cakovec.hr\/wp-content\/uploads\/featured.png","type":"image\/png"}],"twitter_card":"summary_large_image","twitter_misc":{"Est. reading time":"4 minutes"},"schema":{"@context":"https:\/\/schema.org","@graph":[{"@type":"WebPage","@id":"https:\/\/pou-cakovec.hr\/en\/about-us\/accessibility-statement\/","url":"https:\/\/pou-cakovec.hr\/en\/about-us\/accessibility-statement\/","name":"Accessibility statement - POU \u010cakovec","isPartOf":{"@id":"https:\/\/pou-cakovec.hr\/#website"},"primaryImageOfPage":{"@id":"https:\/\/pou-cakovec.hr\/en\/about-us\/accessibility-statement\/#primaryimage"},"image":{"@id":"https:\/\/pou-cakovec.hr\/en\/about-us\/accessibility-statement\/#primaryimage"},"thumbnailUrl":"https:\/\/pou-cakovec.hr\/wp-content\/uploads\/featured.png","datePublished":"2023-11-10T11:28:10+00:00","dateModified":"2023-11-10T11:37:10+00:00","breadcrumb":{"@id":"https:\/\/pou-cakovec.hr\/en\/about-us\/accessibility-statement\/#breadcrumb"},"inLanguage":"en-US","potentialAction":[{"@type":"ReadAction","target":["https:\/\/pou-cakovec.hr\/en\/about-us\/accessibility-statement\/"]}]},{"@type":"ImageObject","inLanguage":"en-US","@id":"https:\/\/pou-cakovec.hr\/en\/about-us\/accessibility-statement\/#primaryimage","url":"https:\/\/pou-cakovec.hr\/wp-content\/uploads\/featured.png","contentUrl":"https:\/\/pou-cakovec.hr\/wp-content\/uploads\/featured.png","width":3300,"height":1759},{"@type":"BreadcrumbList","@id":"https:\/\/pou-cakovec.hr\/en\/about-us\/accessibility-statement\/#breadcrumb","itemListElement":[{"@type":"ListItem","position":1,"name":"Home","item":"https:\/\/pou-cakovec.hr\/en\/"},{"@type":"ListItem","position":2,"name":"About Us","item":"https:\/\/pou-cakovec.hr\/en\/about-us\/"},{"@type":"ListItem","position":3,"name":"Accessibility statement"}]},{"@type":"WebSite","@id":"https:\/\/pou-cakovec.hr\/#website","url":"https:\/\/pou-cakovec.hr\/","name":"POU \u010cakovec","description":"Cjelo\u017eivotna znanja vrijedna \u0161irenja!","potentialAction":[{"@type":"SearchAction","target":{"@type":"EntryPoint","urlTemplate":"https:\/\/pou-cakovec.hr\/?s={search_term_string}"},"query-input":{"@type":"PropertyValueSpecification","valueRequired":true,"valueName":"search_term_string"}}],"inLanguage":"en-US"}]}},"_links":{"self":[{"href":"https:\/\/pou-cakovec.hr\/en\/wp-json\/wp\/v2\/pages\/10207","targetHints":{"allow":["GET"]}}],"collection":[{"href":"https:\/\/pou-cakovec.hr\/en\/wp-json\/wp\/v2\/pages"}],"about":[{"href":"https:\/\/pou-cakovec.hr\/en\/wp-json\/wp\/v2\/types\/page"}],"author":[{"embeddable":true,"href":"https:\/\/pou-cakovec.hr\/en\/wp-json\/wp\/v2\/users\/3"}],"replies":[{"embeddable":true,"href":"https:\/\/pou-cakovec.hr\/en\/wp-json\/wp\/v2\/comments?post=10207"}],"version-history":[{"count":2,"href":"https:\/\/pou-cakovec.hr\/en\/wp-json\/wp\/v2\/pages\/10207\/revisions"}],"predecessor-version":[{"id":10210,"href":"https:\/\/pou-cakovec.hr\/en\/wp-json\/wp\/v2\/pages\/10207\/revisions\/10210"}],"up":[{"embeddable":true,"href":"https:\/\/pou-cakovec.hr\/en\/wp-json\/wp\/v2\/pages\/3638"}],"wp:featuredmedia":[{"embeddable":true,"href":"https:\/\/pou-cakovec.hr\/en\/wp-json\/wp\/v2\/media\/8460"}],"wp:attachment":[{"href":"https:\/\/pou-cakovec.hr\/en\/wp-json\/wp\/v2\/media?parent=10207"}],"wp:term":[{"taxonomy":"category","embeddable":true,"href":"https:\/\/pou-cakovec.hr\/en\/wp-json\/wp\/v2\/categories?post=10207"},{"taxonomy":"post_tag","embeddable":true,"href":"https:\/\/pou-cakovec.hr\/en\/wp-json\/wp\/v2\/tags?post=10207"}],"curies":[{"name":"wp","href":"https:\/\/api.w.org\/{rel}","templated":true}]}}