
{"id":10182,"date":"2023-11-10T11:30:44","date_gmt":"2023-11-10T09:30:44","guid":{"rendered":"https:\/\/pou-cakovec.hr\/?page_id=10182"},"modified":"2023-11-10T13:36:56","modified_gmt":"2023-11-10T11:36:56","slug":"privacy-policy","status":"publish","type":"page","link":"https:\/\/pou-cakovec.hr\/en\/about-us\/privacy-policy\/","title":{"rendered":"Privacy policy"},"content":{"rendered":"[vc_row type=&#8221;in_container&#8221; full_screen_row_position=&#8221;middle&#8221; column_margin=&#8221;default&#8221; column_direction=&#8221;default&#8221; column_direction_tablet=&#8221;default&#8221; column_direction_phone=&#8221;default&#8221; scene_position=&#8221;center&#8221; text_color=&#8221;dark&#8221; text_align=&#8221;left&#8221; row_border_radius=&#8221;none&#8221; row_border_radius_applies=&#8221;bg&#8221; overflow=&#8221;visible&#8221; overlay_strength=&#8221;0.3&#8243; gradient_direction=&#8221;left_to_right&#8221; shape_divider_position=&#8221;bottom&#8221; bg_image_animation=&#8221;none&#8221;][vc_column column_padding=&#8221;no-extra-padding&#8221; column_padding_tablet=&#8221;inherit&#8221; column_padding_phone=&#8221;inherit&#8221; column_padding_position=&#8221;all&#8221; column_element_direction_desktop=&#8221;default&#8221; column_element_spacing=&#8221;default&#8221; desktop_text_alignment=&#8221;default&#8221; tablet_text_alignment=&#8221;default&#8221; phone_text_alignment=&#8221;default&#8221; background_color_opacity=&#8221;1&#8243; background_hover_color_opacity=&#8221;1&#8243; column_backdrop_filter=&#8221;none&#8221; column_shadow=&#8221;none&#8221; column_border_radius=&#8221;none&#8221; column_link_target=&#8221;_self&#8221; column_position=&#8221;default&#8221; gradient_direction=&#8221;left_to_right&#8221; overlay_strength=&#8221;0.3&#8243; width=&#8221;1\/1&#8243; tablet_width_inherit=&#8221;default&#8221; animation_type=&#8221;default&#8221; bg_image_animation=&#8221;none&#8221; border_type=&#8221;simple&#8221; column_border_width=&#8221;none&#8221; column_border_style=&#8221;solid&#8221;][vc_column_text]\n<h1><strong>Privacy Policy<\/strong><\/h1>\n[\/vc_column_text][vc_column_text]<strong>General information<\/strong><\/p>\n<p>This privacy policy (hereinafter: the Policy) clarifies what personal data we collect, how we process it and for what purposes we use it, and includes your rights related to this data. People&#8217;s Open University \u010cakovec, located at the address Kralja Tomislava 52, 40000 \u010cakovec, OIB: 56770661312 (hereinafter: POU), processes personal data of users of its services and visitors to the website www.pou-cakovec.hr in accordance with the applicable laws that regulate personal data protection. Processing is carried out in accordance with the General Data Protection Regulation (GDPR), the Act on the Implementation of the General Data Protection Regulation and the Electronic Communications Act. POU protects your privacy and processes personal data in a fair and legal manner, based on valid legal grounds or your consent.<\/p>\n<p>In this Policy, &#8220;personal data&#8221; means all information that you submit to us, such as name, surname, contact information, address, date of birth, OIB, occupation, name of the company where you work, etc., either when applying for educational programs or through our website.<\/p>\n<p>&nbsp;<\/p>\n<p><strong>Data we collect<\/strong><\/p>\n<p>We collect contact information and other personal data necessary to provide services. Access to the website www.pou-cakovec.hr is free and does not require registration. We collect personal data through web pages, using contact forms, automatically using web cookies, as well as through application forms, record lists of events, based on service contracts and the like.<\/p>\n<p>When we collect your data directly through forms, we inform you of the purpose of the collection, which should be clear from the context, as is the case with forms for specific purposes. We ask for information such as e-mail address, first name, last name, phone number, etc. The information collected for pre-registration or application for educational programs is used exclusively for the formation of groups, and in case of withdrawal, this information is deleted. When you send us your personal data via e-mail or web forms, we use them exclusively to respond to your inquiry. The personal data of participants of the Erasmus+ program is processed in accordance with the GDPR, the Act on the Implementation of the GDPR and the Data Protection Regulation of European Institutions.<\/p>\n<p>Providing personal data is voluntary, and we do not process more data than is necessary. Depending on the circumstances of collection, mandatory data on the forms will be marked with an asterisk (*), while filling in non-mandatory data is optional. We use all collected data for the same purpose and protect them with the same measures as mandatory data.<\/p>\n<p>&nbsp;<\/p>\n<p><strong>Recipients of personal data<\/strong><\/p>\n<p>POU forwards your personal data to third parties only in cases prescribed by law or at the justified request of authorized bodies, such as courts or ministries.<\/p>\n<p>&nbsp;<\/p>\n<p><strong>Protection of your personal data<\/strong><\/p>\n<p>We store personal data in electronic format and apply appropriate technical, organizational and personnel protection measures. Access to data is limited to employees who need the data to perform their tasks, and we keep it for as long as is required by law.<\/p>\n<p>&nbsp;<\/p>\n<p><strong>Your rights<\/strong><\/p>\n<p>At any time, you can request information about the processing of your personal data and exercise the following rights:<\/p>\n<ul>\n<li>the right to access data relating to you,<br \/>\ncorrection or addition of your personal data so that they are always correct,<br \/>\ndeletion of personal data, if there are no justified reasons for their storage,<br \/>\nlimitation of personal data processing, for example when you dispute the accuracy of the data, until their accuracy is verified,<br \/>\nwithdrawal of consent for data processing.<\/li>\n<\/ul>\n<p>&nbsp;<\/p>\n<p><strong>Contact for personal data protection<\/strong><\/p>\n<p>For inquiries or complaints, please contact the Information Officer of the POU:<\/p>\n<p>Darja Spahija<\/p>\n<p>Phone: 040 \/ 396 \u2013 716<\/p>\n<p>Email: info@pou-cakovec.hr<\/p>\n<p>&nbsp;<\/p>\n<p><strong>Third party privacy policies<\/strong><\/p>\n<p>Our website www.pou-cakovec.hr contains links to other websites or portals. The rules on the protection of personal data on these portals may differ from our Policy.<\/p>\n<p>&nbsp;<\/p>\n<p><strong>Limitation of liability<\/strong><\/p>\n<p>Although we apply all available technical, organizational and personnel safeguards to prevent unauthorized disclosure of your personal data, we cannot guarantee that the personal data we collect will not be accidentally disclosed, contrary to the provisions of this Policy. To the maximum extent permitted by law, we disclaim liability for damage caused to users or third parties as a result of such disclosure of personal information.[\/vc_column_text][\/vc_column][\/vc_row]\n","protected":false},"excerpt":{"rendered":"<p>[vc_row type=&#8221;in_container&#8221; full_screen_row_position=&#8221;middle&#8221; column_margin=&#8221;default&#8221; column_direction=&#8221;default&#8221; column_direction_tablet=&#8221;default&#8221; column_direction_phone=&#8221;default&#8221; scene_position=&#8221;center&#8221; text_color=&#8221;dark&#8221; text_align=&#8221;left&#8221; row_border_radius=&#8221;none&#8221; row_border_radius_applies=&#8221;bg&#8221; overflow=&#8221;visible&#8221; overlay_strength=&#8221;0.3&#8243; gradient_direction=&#8221;left_to_right&#8221; shape_divider_position=&#8221;bottom&#8221; bg_image_animation=&#8221;none&#8221;][vc_column column_padding=&#8221;no-extra-padding&#8221; column_padding_tablet=&#8221;inherit&#8221; column_padding_phone=&#8221;inherit&#8221; column_padding_position=&#8221;all&#8221; column_element_direction_desktop=&#8221;default&#8221; column_element_spacing=&#8221;default&#8221; desktop_text_alignment=&#8221;default&#8221; tablet_text_alignment=&#8221;default&#8221; phone_text_alignment=&#8221;default&#8221; background_color_opacity=&#8221;1&#8243; background_hover_color_opacity=&#8221;1&#8243; column_backdrop_filter=&#8221;none&#8221; column_shadow=&#8221;none&#8221;&#8230;<\/p>\n","protected":false},"author":3,"featured_media":8460,"parent":3638,"menu_order":0,"comment_status":"closed","ping_status":"closed","template":"","meta":{"footnotes":""},"categories":[],"tags":[],"class_list":["post-10182","page","type-page","status-publish","has-post-thumbnail"],"yoast_head":"<!-- This site is optimized with the Yoast SEO plugin v27.5 - https:\/\/yoast.com\/product\/yoast-seo-wordpress\/ -->\n<title>Privacy policy - POU \u010cakovec<\/title>\n<meta name=\"robots\" content=\"index, follow, max-snippet:-1, max-image-preview:large, max-video-preview:-1\" \/>\n<link rel=\"canonical\" href=\"https:\/\/pou-cakovec.hr\/en\/about-us\/privacy-policy\/\" \/>\n<meta property=\"og:locale\" content=\"en_US\" \/>\n<meta property=\"og:type\" content=\"article\" \/>\n<meta property=\"og:title\" content=\"Privacy policy - POU \u010cakovec\" \/>\n<meta property=\"og:description\" content=\"[vc_row type=&#8221;in_container&#8221; full_screen_row_position=&#8221;middle&#8221; column_margin=&#8221;default&#8221; column_direction=&#8221;default&#8221; column_direction_tablet=&#8221;default&#8221; column_direction_phone=&#8221;default&#8221; scene_position=&#8221;center&#8221; text_color=&#8221;dark&#8221; text_align=&#8221;left&#8221; row_border_radius=&#8221;none&#8221; row_border_radius_applies=&#8221;bg&#8221; overflow=&#8221;visible&#8221; overlay_strength=&#8221;0.3&#8243; gradient_direction=&#8221;left_to_right&#8221; shape_divider_position=&#8221;bottom&#8221; bg_image_animation=&#8221;none&#8221;][vc_column column_padding=&#8221;no-extra-padding&#8221; column_padding_tablet=&#8221;inherit&#8221; column_padding_phone=&#8221;inherit&#8221; column_padding_position=&#8221;all&#8221; column_element_direction_desktop=&#8221;default&#8221; column_element_spacing=&#8221;default&#8221; desktop_text_alignment=&#8221;default&#8221; tablet_text_alignment=&#8221;default&#8221; phone_text_alignment=&#8221;default&#8221; background_color_opacity=&#8221;1&#8243; background_hover_color_opacity=&#8221;1&#8243; column_backdrop_filter=&#8221;none&#8221; column_shadow=&#8221;none&#8221;...\" \/>\n<meta property=\"og:url\" content=\"https:\/\/pou-cakovec.hr\/en\/about-us\/privacy-policy\/\" \/>\n<meta property=\"og:site_name\" content=\"POU \u010cakovec\" \/>\n<meta property=\"article:modified_time\" content=\"2023-11-10T11:36:56+00:00\" \/>\n<meta property=\"og:image\" content=\"https:\/\/pou-cakovec.hr\/wp-content\/uploads\/featured.png\" \/>\n\t<meta property=\"og:image:width\" content=\"3300\" \/>\n\t<meta property=\"og:image:height\" content=\"1759\" \/>\n\t<meta property=\"og:image:type\" content=\"image\/png\" \/>\n<meta name=\"twitter:card\" content=\"summary_large_image\" \/>\n<meta name=\"twitter:label1\" content=\"Est. reading time\" \/>\n\t<meta name=\"twitter:data1\" content=\"5 minutes\" \/>\n<script type=\"application\/ld+json\" class=\"yoast-schema-graph\">{\"@context\":\"https:\\\/\\\/schema.org\",\"@graph\":[{\"@type\":\"WebPage\",\"@id\":\"https:\\\/\\\/pou-cakovec.hr\\\/en\\\/about-us\\\/privacy-policy\\\/\",\"url\":\"https:\\\/\\\/pou-cakovec.hr\\\/en\\\/about-us\\\/privacy-policy\\\/\",\"name\":\"Privacy policy - POU \u010cakovec\",\"isPartOf\":{\"@id\":\"https:\\\/\\\/pou-cakovec.hr\\\/#website\"},\"primaryImageOfPage\":{\"@id\":\"https:\\\/\\\/pou-cakovec.hr\\\/en\\\/about-us\\\/privacy-policy\\\/#primaryimage\"},\"image\":{\"@id\":\"https:\\\/\\\/pou-cakovec.hr\\\/en\\\/about-us\\\/privacy-policy\\\/#primaryimage\"},\"thumbnailUrl\":\"https:\\\/\\\/pou-cakovec.hr\\\/wp-content\\\/uploads\\\/featured.png\",\"datePublished\":\"2023-11-10T09:30:44+00:00\",\"dateModified\":\"2023-11-10T11:36:56+00:00\",\"breadcrumb\":{\"@id\":\"https:\\\/\\\/pou-cakovec.hr\\\/en\\\/about-us\\\/privacy-policy\\\/#breadcrumb\"},\"inLanguage\":\"en-US\",\"potentialAction\":[{\"@type\":\"ReadAction\",\"target\":[\"https:\\\/\\\/pou-cakovec.hr\\\/en\\\/about-us\\\/privacy-policy\\\/\"]}]},{\"@type\":\"ImageObject\",\"inLanguage\":\"en-US\",\"@id\":\"https:\\\/\\\/pou-cakovec.hr\\\/en\\\/about-us\\\/privacy-policy\\\/#primaryimage\",\"url\":\"https:\\\/\\\/pou-cakovec.hr\\\/wp-content\\\/uploads\\\/featured.png\",\"contentUrl\":\"https:\\\/\\\/pou-cakovec.hr\\\/wp-content\\\/uploads\\\/featured.png\",\"width\":3300,\"height\":1759},{\"@type\":\"BreadcrumbList\",\"@id\":\"https:\\\/\\\/pou-cakovec.hr\\\/en\\\/about-us\\\/privacy-policy\\\/#breadcrumb\",\"itemListElement\":[{\"@type\":\"ListItem\",\"position\":1,\"name\":\"Home\",\"item\":\"https:\\\/\\\/pou-cakovec.hr\\\/en\\\/\"},{\"@type\":\"ListItem\",\"position\":2,\"name\":\"About Us\",\"item\":\"https:\\\/\\\/pou-cakovec.hr\\\/en\\\/about-us\\\/\"},{\"@type\":\"ListItem\",\"position\":3,\"name\":\"Privacy policy\"}]},{\"@type\":\"WebSite\",\"@id\":\"https:\\\/\\\/pou-cakovec.hr\\\/#website\",\"url\":\"https:\\\/\\\/pou-cakovec.hr\\\/\",\"name\":\"POU \u010cakovec\",\"description\":\"Cjelo\u017eivotna znanja vrijedna \u0161irenja!\",\"potentialAction\":[{\"@type\":\"SearchAction\",\"target\":{\"@type\":\"EntryPoint\",\"urlTemplate\":\"https:\\\/\\\/pou-cakovec.hr\\\/?s={search_term_string}\"},\"query-input\":{\"@type\":\"PropertyValueSpecification\",\"valueRequired\":true,\"valueName\":\"search_term_string\"}}],\"inLanguage\":\"en-US\"}]}<\/script>\n<!-- \/ Yoast SEO plugin. -->","yoast_head_json":{"title":"Privacy policy - POU \u010cakovec","robots":{"index":"index","follow":"follow","max-snippet":"max-snippet:-1","max-image-preview":"max-image-preview:large","max-video-preview":"max-video-preview:-1"},"canonical":"https:\/\/pou-cakovec.hr\/en\/about-us\/privacy-policy\/","og_locale":"en_US","og_type":"article","og_title":"Privacy policy - POU \u010cakovec","og_description":"[vc_row type=&#8221;in_container&#8221; full_screen_row_position=&#8221;middle&#8221; column_margin=&#8221;default&#8221; column_direction=&#8221;default&#8221; column_direction_tablet=&#8221;default&#8221; column_direction_phone=&#8221;default&#8221; scene_position=&#8221;center&#8221; text_color=&#8221;dark&#8221; text_align=&#8221;left&#8221; row_border_radius=&#8221;none&#8221; row_border_radius_applies=&#8221;bg&#8221; overflow=&#8221;visible&#8221; overlay_strength=&#8221;0.3&#8243; gradient_direction=&#8221;left_to_right&#8221; shape_divider_position=&#8221;bottom&#8221; bg_image_animation=&#8221;none&#8221;][vc_column column_padding=&#8221;no-extra-padding&#8221; column_padding_tablet=&#8221;inherit&#8221; column_padding_phone=&#8221;inherit&#8221; column_padding_position=&#8221;all&#8221; column_element_direction_desktop=&#8221;default&#8221; column_element_spacing=&#8221;default&#8221; desktop_text_alignment=&#8221;default&#8221; tablet_text_alignment=&#8221;default&#8221; phone_text_alignment=&#8221;default&#8221; background_color_opacity=&#8221;1&#8243; background_hover_color_opacity=&#8221;1&#8243; column_backdrop_filter=&#8221;none&#8221; column_shadow=&#8221;none&#8221;...","og_url":"https:\/\/pou-cakovec.hr\/en\/about-us\/privacy-policy\/","og_site_name":"POU \u010cakovec","article_modified_time":"2023-11-10T11:36:56+00:00","og_image":[{"width":3300,"height":1759,"url":"https:\/\/pou-cakovec.hr\/wp-content\/uploads\/featured.png","type":"image\/png"}],"twitter_card":"summary_large_image","twitter_misc":{"Est. reading time":"5 minutes"},"schema":{"@context":"https:\/\/schema.org","@graph":[{"@type":"WebPage","@id":"https:\/\/pou-cakovec.hr\/en\/about-us\/privacy-policy\/","url":"https:\/\/pou-cakovec.hr\/en\/about-us\/privacy-policy\/","name":"Privacy policy - POU \u010cakovec","isPartOf":{"@id":"https:\/\/pou-cakovec.hr\/#website"},"primaryImageOfPage":{"@id":"https:\/\/pou-cakovec.hr\/en\/about-us\/privacy-policy\/#primaryimage"},"image":{"@id":"https:\/\/pou-cakovec.hr\/en\/about-us\/privacy-policy\/#primaryimage"},"thumbnailUrl":"https:\/\/pou-cakovec.hr\/wp-content\/uploads\/featured.png","datePublished":"2023-11-10T09:30:44+00:00","dateModified":"2023-11-10T11:36:56+00:00","breadcrumb":{"@id":"https:\/\/pou-cakovec.hr\/en\/about-us\/privacy-policy\/#breadcrumb"},"inLanguage":"en-US","potentialAction":[{"@type":"ReadAction","target":["https:\/\/pou-cakovec.hr\/en\/about-us\/privacy-policy\/"]}]},{"@type":"ImageObject","inLanguage":"en-US","@id":"https:\/\/pou-cakovec.hr\/en\/about-us\/privacy-policy\/#primaryimage","url":"https:\/\/pou-cakovec.hr\/wp-content\/uploads\/featured.png","contentUrl":"https:\/\/pou-cakovec.hr\/wp-content\/uploads\/featured.png","width":3300,"height":1759},{"@type":"BreadcrumbList","@id":"https:\/\/pou-cakovec.hr\/en\/about-us\/privacy-policy\/#breadcrumb","itemListElement":[{"@type":"ListItem","position":1,"name":"Home","item":"https:\/\/pou-cakovec.hr\/en\/"},{"@type":"ListItem","position":2,"name":"About Us","item":"https:\/\/pou-cakovec.hr\/en\/about-us\/"},{"@type":"ListItem","position":3,"name":"Privacy policy"}]},{"@type":"WebSite","@id":"https:\/\/pou-cakovec.hr\/#website","url":"https:\/\/pou-cakovec.hr\/","name":"POU \u010cakovec","description":"Cjelo\u017eivotna znanja vrijedna \u0161irenja!","potentialAction":[{"@type":"SearchAction","target":{"@type":"EntryPoint","urlTemplate":"https:\/\/pou-cakovec.hr\/?s={search_term_string}"},"query-input":{"@type":"PropertyValueSpecification","valueRequired":true,"valueName":"search_term_string"}}],"inLanguage":"en-US"}]}},"_links":{"self":[{"href":"https:\/\/pou-cakovec.hr\/en\/wp-json\/wp\/v2\/pages\/10182","targetHints":{"allow":["GET"]}}],"collection":[{"href":"https:\/\/pou-cakovec.hr\/en\/wp-json\/wp\/v2\/pages"}],"about":[{"href":"https:\/\/pou-cakovec.hr\/en\/wp-json\/wp\/v2\/types\/page"}],"author":[{"embeddable":true,"href":"https:\/\/pou-cakovec.hr\/en\/wp-json\/wp\/v2\/users\/3"}],"replies":[{"embeddable":true,"href":"https:\/\/pou-cakovec.hr\/en\/wp-json\/wp\/v2\/comments?post=10182"}],"version-history":[{"count":0,"href":"https:\/\/pou-cakovec.hr\/en\/wp-json\/wp\/v2\/pages\/10182\/revisions"}],"up":[{"embeddable":true,"href":"https:\/\/pou-cakovec.hr\/en\/wp-json\/wp\/v2\/pages\/3638"}],"wp:featuredmedia":[{"embeddable":true,"href":"https:\/\/pou-cakovec.hr\/en\/wp-json\/wp\/v2\/media\/8460"}],"wp:attachment":[{"href":"https:\/\/pou-cakovec.hr\/en\/wp-json\/wp\/v2\/media?parent=10182"}],"wp:term":[{"taxonomy":"category","embeddable":true,"href":"https:\/\/pou-cakovec.hr\/en\/wp-json\/wp\/v2\/categories?post=10182"},{"taxonomy":"post_tag","embeddable":true,"href":"https:\/\/pou-cakovec.hr\/en\/wp-json\/wp\/v2\/tags?post=10182"}],"curies":[{"name":"wp","href":"https:\/\/api.w.org\/{rel}","templated":true}]}}